{"id":48,"date":"2019-05-03T15:41:15","date_gmt":"2019-05-03T19:41:15","guid":{"rendered":"http:\/\/dev.macujo.com\/?post_type=product&#038;p=48"},"modified":"2021-04-28T16:32:47","modified_gmt":"2021-04-28T20:32:47","slug":"ultra-cleanse-shampoo","status":"publish","type":"product","link":"https:\/\/www.macujo.com\/es\/product\/ultra-cleanse-shampoo\/","title":{"rendered":"Champ\u00fa Supreme Klean Ultra Cleanse Shampoo"},"content":{"rendered":"<p>El Champ\u00fa Purificante para el Cabello est\u00e1 dise\u00f1ado para una eliminaci\u00f3n extremadamente r\u00e1pida pero elegante de todos los residuos de toxinas. En 10 minutos, estar\u00e1 en la \u00abZona limpia\u00bb hasta por 8 horas.<br \/>\nEs seguro para el cuero cabelludo y todo tipo de cabello. No afecta el color ni la gravedad espec\u00edfica. Funciona como un \u00abgel de ba\u00f1o\u00bb para el vello corporal adem\u00e1s del cuero cabelludo. La prueba de drogas a trav\u00e9s de una muestra de fol\u00edculo piloso se ha convertido en un m\u00e9todo muy popular para detectar el consumo de drogas sin invadir la llamada privacidad en comparaci\u00f3n con un an\u00e1lisis de orina o un an\u00e1lisis de sangre.<br \/>\n.<\/p>\n<div id=\"clear\"><\/div>\n<div id=\"gurantee_title\">\u00a1Garant\u00eda de devoluci\u00f3n de dinero del 500%!<\/div>\n<p><strong>Ingredientes: agua desionizada, laureth sulfato de sodio, cocamida DEA, cocamidopropil beta\u00edna, extracto de aloe vera, extracto de consuelda, extracto de geranio, PCA s\u00f3dico, policuaternio 10, pantenol, glicerina, \u00e1cido c\u00edtrico, metilparabeno, EDTA tetras\u00f3dico, tiosulfato de sodio, fraganoxietanol. Cloruro de sodio.<\/strong><\/p>\n<div class=\"infol\">\n<ul>\n<li>Mojar bien el cabello<\/li>\n<li>Agregue 1 oz. de champ\u00fa (aproximadamente 1\/2 botella) en el cabello<\/li>\n<li>Masajear el cabello y el cuero cabelludo durante 3-5 minutos.<\/li>\n<li>Enjuague<\/li>\n<li>Repita los pasos 1-4<\/li>\n<li>Seque el cabello con una toalla, peine como de costumbre<\/li>\n<\/ul>\n<\/div>\n<p>\u00a1Eso es todo! Tu cabello ahora est\u00e1 limpio de todas las toxinas del d\u00eda.<\/p>\n","protected":false},"excerpt":{"rendered":"<p><img loading=\"lazy\" decoding=\"async\" class=\"aligncenter size-full wp-image-4522\" src=\"https:\/\/www.macujo.com\/es\/wp-content\/uploads\/2020\/02\/envio-rapido-a-todos-los-paises.jpg\" alt=\"envio rapido a todos los paises\" width=\"400\" height=\"98\" srcset=\"https:\/\/www.macujo.com\/es\/wp-content\/uploads\/2020\/02\/envio-rapido-a-todos-los-paises.jpg 400w, https:\/\/www.macujo.com\/es\/wp-content\/uploads\/2020\/02\/envio-rapido-a-todos-los-paises-300x74.jpg 300w\" sizes=\"auto, (max-width: 400px) 100vw, 400px\" \/><\/p>\n","protected":false},"featured_media":1944,"comment_status":"open","ping_status":"closed","template":"","meta":{"_acf_changed":false,"_lmt_disableupdate":"no","_lmt_disable":""},"product_brand":[],"product_cat":[16],"product_tag":[],"yst_prominent_words":[179,1033,680,677,679,678,621,1035,1034,620],"class_list":{"0":"post-48","1":"product","2":"type-product","3":"status-publish","4":"has-post-thumbnail","6":"product_cat-hair-drug-testing","8":"first","9":"outofstock","10":"taxable","11":"shipping-taxable","12":"purchasable","13":"product-type-simple"},"acf":[],"_links":{"self":[{"href":"https:\/\/www.macujo.com\/es\/wp-json\/wp\/v2\/product\/48","targetHints":{"allow":["GET"]}}],"collection":[{"href":"https:\/\/www.macujo.com\/es\/wp-json\/wp\/v2\/product"}],"about":[{"href":"https:\/\/www.macujo.com\/es\/wp-json\/wp\/v2\/types\/product"}],"replies":[{"embeddable":true,"href":"https:\/\/www.macujo.com\/es\/wp-json\/wp\/v2\/comments?post=48"}],"wp:featuredmedia":[{"embeddable":true,"href":"https:\/\/www.macujo.com\/es\/wp-json\/wp\/v2\/media\/1944"}],"wp:attachment":[{"href":"https:\/\/www.macujo.com\/es\/wp-json\/wp\/v2\/media?parent=48"}],"wp:term":[{"taxonomy":"product_brand","embeddable":true,"href":"https:\/\/www.macujo.com\/es\/wp-json\/wp\/v2\/product_brand?post=48"},{"taxonomy":"product_cat","embeddable":true,"href":"https:\/\/www.macujo.com\/es\/wp-json\/wp\/v2\/product_cat?post=48"},{"taxonomy":"product_tag","embeddable":true,"href":"https:\/\/www.macujo.com\/es\/wp-json\/wp\/v2\/product_tag?post=48"},{"taxonomy":"yst_prominent_words","embeddable":true,"href":"https:\/\/www.macujo.com\/es\/wp-json\/wp\/v2\/yst_prominent_words?post=48"}],"curies":[{"name":"wp","href":"https:\/\/api.w.org\/{rel}","templated":true}]}}