{"id":46,"date":"2019-05-03T15:37:40","date_gmt":"2019-05-03T15:37:40","guid":{"rendered":"http:\/\/dev.macujo.com\/?post_type=product&#038;p=46"},"modified":"2021-05-20T11:17:22","modified_gmt":"2021-05-20T15:17:22","slug":"champu-zydot","status":"publish","type":"product","link":"https:\/\/www.macujo.com\/es\/product\/champu-zydot\/","title":{"rendered":"Champ\u00fa Zydot Ultra Clean\u00ae"},"content":{"rendered":"<p>Tratamiento Purificante \/ Detox interno para el Cabello<br \/>\n\u2022 Penetra y elimina las impurezas en lo profundo del tallo del cabello.<br \/>\n\u2022 Deja el cabello limpio y puro.<br \/>\n\u2022 Acondicionamiento para liberar enredos, lustrar y mejorar la manejabilidad.<br \/>\n\u2022 Garant\u00eda de reembolso<\/p>\n<p>El tratamiento para el cabello desintoxicante n\u00famero uno en ventas en el mercado est\u00e1 dise\u00f1ado para uso en 3 etapas:<\/p>\n<p>1.\tCHAMP\u00da elimina las barreras externas como laca para el cabello, productos de peinado y acabado, y la suciedad diaria y la acumulaci\u00f3n de mugre para exponer el cabello interno.<\/p>\n<p>2.\tPURIFICA penetrando en la estructura interna del tallo del cabello para disolver, liberar y eliminar los qu\u00edmicos y medicamentos adheridos dentro del tallo del cabello. Deja tu cabello puro, limpio y libre de contaminantes e impurezas no deseados.<\/p>\n<p>3.\tACONDICIONE el cabello para controlar los enredos, agregar brillo y mejorar la manejabilidad.<\/p>\n<p>El Champ\u00fa y Purificador <a href=\"https:\/\/www.macujo.com\/product\/zydot-ultra-clean-shampoo\/\">ZYDOT<\/a>   contiene Aloe Vera para ayudar a acondicionar tanto el cabello como el cuero cabelludo, mientras que los agentes limpiadores penetrantes eliminan las impurezas. El acondicionador a base de aloe dejar\u00e1 tu cabello libre de enredos y lleno de cuerpo.<\/p>\n<p>INFORMACI\u00d3N IMPORTANTE<br \/>\nLa siguiente informaci\u00f3n ayudar\u00e1 a que el Tratamiento Purificador de Cabello Interno Ultra Clean sea lo m\u00e1s efectivo posible y debe seguirse cuidadosamente antes de usar el producto.<\/p>\n<p>\u2022 Para niveles m\u00e1s altos de toxinas, cabello m\u00e1s grueso o cabello de 6 \u2033 o m\u00e1s, se recomiendan 2 o m\u00e1s aplicaciones para garantizar que se complete el proceso de purificaci\u00f3n.<br \/>\n\u2022 Evite las toxinas ingeridas y transportadas por el aire de 24 a 48 horas antes de usar Ultra Clean.<br \/>\n\u2022 L\u00e1vese el cabello con su champ\u00fa habitual antes de comenzar el paso # 1.<br \/>\n\u2022 Use un nuevo peine o cepillo despu\u00e9s de usar Ultra Clean para evitar la recontaminaci\u00f3n.<br \/>\n\u2022 Evite el contacto con elementos como anteojos, sombreros, sudaderas con capucha, reposacabezas, almohadas, etc., o l\u00edmpielos a fondo para evitar la recontaminaci\u00f3n.<br \/>\n\u2022 Espere aproximadamente 45 minutos para completar el proceso (pasos 1 a 4)<br \/>\n\u2022 Ultra Clean solo es efectivo hasta por 24 horas, debido a que su cuero cabelludo y cabello producen naturalmente aceites que pueden recontaminar su cabello.<\/p>\n<p>INSTRUCCIONES DE USO<\/p>\n<p>L\u00e1vate el cabello con tu champ\u00fa preferido antes de comenzar con el paso 1.<br \/>\nPASO 1 &#8211; CHAMP\u00da (paquete # 1)<br \/>\n\u2022 Mojar bien el cabello.<br \/>\n\u2022 \u00a1IMPORTANTE! Aplique \u00daNICAMENTE \u00bd del champ\u00fa (la \u00bd restante para usar despu\u00e9s de Purifier (paquete # 2).<br \/>\n\u2022 Masajee el cuero cabelludo y el cabello durante 10 minutos haciendo espuma.<br \/>\n\u2022 Enjuague bien. (con agua tibia)<\/p>\n<p>PASO 2 &#8211; PURIFICADOR (paquete # 2)<br \/>\n\u2022 Aplicar TODO el masaje purificador en el cuero cabelludo y el cabello.<br \/>\n\u2022 Distribuir uniformemente y peinar el cabello. (con un peine nuevo)<br \/>\n\u2022 Dejar actuar 10 minutos.<br \/>\n\u2022 Enjuague bien.<\/p>\n<p>PASO 3 &#8211; REPITA EL PASO 1 USANDO EL RESTO DE CHAMP\u00da (paquete # 1)<br \/>\n\u2022 Aplicar champ\u00fa<br \/>\n\u2022 Masajee el cuero cabelludo y el cabello durante 10 minutos hasta formar espuma.<br \/>\n\u2022 Enjuague bien.<\/p>\n<p>PASO 4 &#8211; ACONDICIONADOR (paquete # 3)<br \/>\n\u2022 Aplique TODO el acondicionador masajeando el cuero cabelludo y el cabello.<br \/>\n\u2022 Distribuir uniformemente y peinar el cabello.<br \/>\n\u2022 Dejar reposar durante 10 minutos.<br \/>\n\u2022 Enjuague bien.<\/p>\n<p>Peina como de costumbre.<\/p>\n","protected":false},"excerpt":{"rendered":"<p><img loading=\"lazy\" decoding=\"async\" src=\"https:\/\/www.macujo.com\/es\/wp-content\/uploads\/2020\/02\/envio-rapido-a-todos-los-paises.jpg\" alt=\"envio rapido a todos los paises\" width=\"400\" height=\"98\" class=\"aligncenter size-full wp-image-4522\" srcset=\"https:\/\/www.macujo.com\/es\/wp-content\/uploads\/2020\/02\/envio-rapido-a-todos-los-paises.jpg 400w, https:\/\/www.macujo.com\/es\/wp-content\/uploads\/2020\/02\/envio-rapido-a-todos-los-paises-300x74.jpg 300w\" sizes=\"auto, (max-width: 400px) 100vw, 400px\" \/><\/p>\n","protected":false},"featured_media":1945,"comment_status":"closed","ping_status":"closed","template":"","meta":{"_acf_changed":false,"_lmt_disableupdate":"no","_lmt_disable":""},"product_brand":[],"product_cat":[16],"product_tag":[],"yst_prominent_words":[788,791,779,677,793,678,778,794,782,786,787,781,785,790,783,130,789,780,792,784],"class_list":{"0":"post-46","1":"product","2":"type-product","3":"status-publish","4":"has-post-thumbnail","6":"product_cat-hair-drug-testing","8":"first","9":"instock","10":"featured","11":"taxable","12":"shipping-taxable","13":"purchasable","14":"product-type-simple"},"acf":[],"_links":{"self":[{"href":"https:\/\/www.macujo.com\/es\/wp-json\/wp\/v2\/product\/46","targetHints":{"allow":["GET"]}}],"collection":[{"href":"https:\/\/www.macujo.com\/es\/wp-json\/wp\/v2\/product"}],"about":[{"href":"https:\/\/www.macujo.com\/es\/wp-json\/wp\/v2\/types\/product"}],"replies":[{"embeddable":true,"href":"https:\/\/www.macujo.com\/es\/wp-json\/wp\/v2\/comments?post=46"}],"wp:featuredmedia":[{"embeddable":true,"href":"https:\/\/www.macujo.com\/es\/wp-json\/wp\/v2\/media\/1945"}],"wp:attachment":[{"href":"https:\/\/www.macujo.com\/es\/wp-json\/wp\/v2\/media?parent=46"}],"wp:term":[{"taxonomy":"product_brand","embeddable":true,"href":"https:\/\/www.macujo.com\/es\/wp-json\/wp\/v2\/product_brand?post=46"},{"taxonomy":"product_cat","embeddable":true,"href":"https:\/\/www.macujo.com\/es\/wp-json\/wp\/v2\/product_cat?post=46"},{"taxonomy":"product_tag","embeddable":true,"href":"https:\/\/www.macujo.com\/es\/wp-json\/wp\/v2\/product_tag?post=46"},{"taxonomy":"yst_prominent_words","embeddable":true,"href":"https:\/\/www.macujo.com\/es\/wp-json\/wp\/v2\/yst_prominent_words?post=46"}],"curies":[{"name":"wp","href":"https:\/\/api.w.org\/{rel}","templated":true}]}}