{"id":45,"date":"2019-05-03T15:35:47","date_gmt":"2019-05-03T15:35:47","guid":{"rendered":"http:\/\/dev.macujo.com\/?post_type=product&#038;p=45"},"modified":"2022-04-01T11:33:27","modified_gmt":"2022-04-01T15:33:27","slug":"nexxus-aloe-rid-champu-aclarador","status":"publish","type":"product","link":"https:\/\/www.macujo.com\/es\/product\/nexxus-aloe-rid-champu-aclarador\/","title":{"rendered":"NEXXUS ALOE RID\u00ae CHAMP\u00da ACLARADOR AUTENTICO"},"content":{"rendered":"<h3>NEXXUS ALOE RID CHAMP\u00da ACLARADOR SUAVE<\/h3>\n<p>Elimina delicadamente la acumulaci\u00f3n residual, el cloro, los contaminantes ambientales, los minerales del agua dura y las impurezas que opacan el cabello para lograr un cabello de apariencia saludable y refrescante. Los antioxidantes de liberaci\u00f3n prolongada apagan eficazmente los da\u00f1inos radicales libres que son depositados por productos qu\u00edmicos agresivos. Esta f\u00f3rmula suave a base de Aloe Vera acondiciona tanto el cabello como el cuero cabelludo.<\/p>\n<p>\u00daselo como su champ\u00fa diario adem\u00e1s del champ\u00fa Ultra Cleanse.<br \/>\nLimpia los aceites del cuero cabelludo, donde se encuentran las toxinas, use el producto en los d\u00edas previos a su prueba.<br \/>\nLa f\u00f3rmula de limpieza profunda elimina delicadamente la acumulaci\u00f3n residual, los contaminantes ambientales, los qu\u00edmicos, el cloro, los minerales del agua dura y las impurezas que opacan el cabello.<br \/>\nCinco onzas de champ\u00fa aclarante suave.<br \/>\nLa tecnolog\u00eda avanzada de microesferas proporciona la liberaci\u00f3n gradual.<br \/>\nDirecciones:<\/p>\n<p>Nexxus Aloe Rid debe usarse con el m\u00e9todo Mikes macujo. Cada vez que use el m\u00e9todo Nexxus Aloe Rid con mikes macujo, reducir\u00e1 permanentemente los niveles de toxinas de su cabello. El M\u00e9todo Mikes Macujo solo funcionar\u00e1 con el Nexxus Aloe Rid original. Para tener una idea de cu\u00e1ntos lavados necesitar\u00e1 para su uso anterior de medicamentos, haga clic en este enlace para tener una idea de cu\u00e1nto tiempo necesitar\u00e1 para lavarse con Mikes Macujo M\u00e9todo.<\/p>\n<h3>Champu para test de droga en cabello<\/h3>\n<p>Ingredientes: Agua (Aqua); Laureth sulfato de sodio; Cocamide DEA; Cocamidopropil beta\u00edna; Gel de Aloe Barbadensis; Pantenol; Acetato de tocoferilo; Ascorbato de tetrahexildecilo; Aceite de aguacate (Persea Gratissima); Esterol de soja (glicina soja); Ceramida 3; L\u00edpidos de harina de trigo (Triticum vulgare); Oligosac\u00e1rido alfa-glucano; Butil metoxidibenzoilmetano; Metoxicinamato de etilhexilo; \u00c1cido mir\u00edstico; \u00c1cido palm\u00edtico; \u00c1cido este\u00e1rico; Cloruro de sodio; Diestearato de poliglicerilo-3; Polisorbato 60; Cloruro de guar hidroxipropiltrimonio; EDTA tetras\u00f3dico; Tiosulfato de sodio; PCA de sodio; Metilcloroisotiazolinona; Metilisotiazolinona; \u00c1cido c\u00edtrico; Propilenglicol; Fragancia (Parfum); Amarillo 5 (CI 19140); Azul 1 (CI 42090)<\/p>\n","protected":false},"excerpt":{"rendered":"<p><img loading=\"lazy\" decoding=\"async\" src=\"https:\/\/www.macujo.com\/es\/wp-content\/uploads\/2020\/02\/envio-rapido-a-todos-los-paises.jpg\" alt=\"envio rapido a todos los paises\" width=\"400\" height=\"98\" class=\"aligncenter size-full wp-image-4522\" srcset=\"https:\/\/www.macujo.com\/es\/wp-content\/uploads\/2020\/02\/envio-rapido-a-todos-los-paises.jpg 400w, https:\/\/www.macujo.com\/es\/wp-content\/uploads\/2020\/02\/envio-rapido-a-todos-los-paises-300x74.jpg 300w\" sizes=\"auto, (max-width: 400px) 100vw, 400px\" \/><\/p>\n","protected":false},"featured_media":4190,"comment_status":"open","ping_status":"closed","template":"","meta":{"_acf_changed":false,"_lmt_disableupdate":"no","_lmt_disable":""},"product_brand":[],"product_cat":[16],"product_tag":[],"yst_prominent_words":[808,810,798,36,809,678,804,800,803,807,799,797,811,802,359,805,801,38,33,806],"class_list":{"0":"post-45","1":"product","2":"type-product","3":"status-publish","4":"has-post-thumbnail","6":"product_cat-hair-drug-testing","8":"first","9":"instock","10":"featured","11":"taxable","12":"shipping-taxable","13":"purchasable","14":"product-type-simple"},"acf":[],"_links":{"self":[{"href":"https:\/\/www.macujo.com\/es\/wp-json\/wp\/v2\/product\/45","targetHints":{"allow":["GET"]}}],"collection":[{"href":"https:\/\/www.macujo.com\/es\/wp-json\/wp\/v2\/product"}],"about":[{"href":"https:\/\/www.macujo.com\/es\/wp-json\/wp\/v2\/types\/product"}],"replies":[{"embeddable":true,"href":"https:\/\/www.macujo.com\/es\/wp-json\/wp\/v2\/comments?post=45"}],"wp:featuredmedia":[{"embeddable":true,"href":"https:\/\/www.macujo.com\/es\/wp-json\/wp\/v2\/media\/4190"}],"wp:attachment":[{"href":"https:\/\/www.macujo.com\/es\/wp-json\/wp\/v2\/media?parent=45"}],"wp:term":[{"taxonomy":"product_brand","embeddable":true,"href":"https:\/\/www.macujo.com\/es\/wp-json\/wp\/v2\/product_brand?post=45"},{"taxonomy":"product_cat","embeddable":true,"href":"https:\/\/www.macujo.com\/es\/wp-json\/wp\/v2\/product_cat?post=45"},{"taxonomy":"product_tag","embeddable":true,"href":"https:\/\/www.macujo.com\/es\/wp-json\/wp\/v2\/product_tag?post=45"},{"taxonomy":"yst_prominent_words","embeddable":true,"href":"https:\/\/www.macujo.com\/es\/wp-json\/wp\/v2\/yst_prominent_words?post=45"}],"curies":[{"name":"wp","href":"https:\/\/api.w.org\/{rel}","templated":true}]}}