{"id":44,"date":"2019-05-03T15:33:51","date_gmt":"2019-05-03T15:33:51","guid":{"rendered":"http:\/\/dev.macujo.com\/?post_type=product&#038;p=44"},"modified":"2022-04-01T11:34:16","modified_gmt":"2022-04-01T15:34:16","slug":"champu-nexxus-aloe-rid-y-champu-zydot-ultra-clean","status":"publish","type":"product","link":"https:\/\/www.macujo.com\/es\/product\/champu-nexxus-aloe-rid-y-champu-zydot-ultra-clean\/","title":{"rendered":"Champ\u00fa Aloe Rid Y Zydot"},"content":{"rendered":"<p class=\"style1\"><img loading=\"lazy\" decoding=\"async\" class=\"size-medium wp-image-5139 aligncenter\" src=\"https:\/\/www.aloerid.com\/wp-content\/uploads\/2017\/01\/moneyback-guarantee-300x194.png\" alt=\"\" width=\"300\" height=\"194\" \/>Tratamiento Purificante \/ Detox para el Cabello<\/p>\n<p class=\"style1\"><span class=\"style1\">\u2022 <\/span> Penetra y elimina las impurezas de lo profundo del tallo del cabello..<br \/>\n<span class=\"style1\">\u2022 <\/span> Deja el cabello limpio y puro.<br \/>\n<span class=\"style1\">\u2022 <\/span> Acondicionador para liberar enredos, agregar lustre y mejorar la manejabilidad.<\/p>\n<p>El tratamiento para el cabello desintoxicante n\u00famero uno en ventas en el mercado est\u00e1 dise\u00f1ado para:<\/p>\n<p class=\"style1\"><strong>CHAMP\u00da<\/strong> elimina las barreras externas como laca para el cabello, productos de peinado y acabado, y la suciedad diaria y la acumulaci\u00f3n de mugre para exponer el cabello interno.<\/p>\n<p class=\"style1\"><strong>PURIFICANTE<\/strong> penetra en la estructura interna del tallo del cabello para disolver, liberar y eliminar los qu\u00edmicos y medicamentos adheridos dentro del tallo del cabello. Deja tu cabello puro, limpio y libre de contaminantes e impurezas no deseados.<\/p>\n<p class=\"style1\"><strong>ACONDICIONADOR<\/strong> el cabello para controlar los enredos, agregar brillo y mejorar la manejabilidad.<\/p>\n<p><span class=\"style1\">El champ\u00fa y purificador <a href=\"https:\/\/www.macujo.com\/product\/zydot-ultra-clean-shampoo\/\">ZYDOT Ultra Clean<\/a> contiene aloe vera para ayudar a acondicionar tanto el cabello como el cuero cabelludo, mientras que los agentes limpiadores penetrantes eliminan las impurezas. El acondicionador a base de aloe dejar\u00e1 tu cabello libre de enredos y lleno de cuerpo.<\/p>\n<p>&nbsp;<\/p>\n<p><center><strong>INFORMACI\u00d3N IMPORTANTE<\/strong><\/center><\/p>\n<p class=\"style1\">La siguiente informaci\u00f3n ayudar\u00e1 a que el Tratamiento Purificador de Cabello Interno Ultra Clean sea lo m\u00e1s efectivo posible y debe seguirse cuidadosamente antes de usar el producto.<\/p>\n<p><span class=\"style1\">\u2022 <\/span>Para niveles m\u00e1s altos de toxinas, cabello m\u00e1s grueso o cabello de 6 \u2033 o m\u00e1s, se recomiendan 2 o m\u00e1s aplicaciones para garantizar que se complete el proceso de purificaci\u00f3n.<br \/>\n<span class=\"style1\">\u2022 <\/span>Evite las toxinas ingeridas y transportadas por el aire de 24 a 48 horas antes de usar Ultra Clean.<\/strong><br \/>\n<span class=\"style1\">\u2022 <\/span>L\u00e1vese el cabello con su champ\u00fa habitual antes de comenzar el paso # 1.<br \/>\n<span class=\"style1\">\u2022 <\/span>Use peine o cepillo Nuevo despu\u00e9s de usar Ultra Clean para evitar la recontaminaci\u00f3n.<br \/>\n<span class=\"style1\">\u2022 <\/span>Evite el contacto con art\u00edculos que podrian estar contaminados como: anteojos, sombreros, sudaderas con capucha, reposacabezas, almohadas, etc.<br \/>\n<span class=\"style1\">\u2022 <\/span>Tome aproximadamente 45 minutos para completar el proceso (pasos 1 a 4)<br \/>\n<span class=\"style1\">\u2022 <\/span> Ultra Clean solo es efectivo hasta por 24 horas, debido a que su cuero cabelludo y cabello producen naturalmente aceites que pueden recontaminar su cabello.<\/p>\n<p>&nbsp;<\/p>\n<p><center><strong>INSTRUCCIONES DE USO<\/strong><\/center><strong>Nexxus Aloe Rid debe usarse con el m\u00e9todo Mikes macujo. Cada vez que use el m\u00e9todo Nexxus Aloe Rid con mikes macujo, reducir\u00e1 permanentemente los niveles de toxinas de su cabello. El M\u00e9todo Mikes Macujo solo funcionar\u00e1 con el Nexxus Aloe Rid original. Para tener una idea de cu\u00e1ntos lavados necesitar\u00e1 para su uso anterior de medicamentos, haga clic en este enlace para tener una idea de cu\u00e1nto tiempo necesitar\u00e1 para lavarse con Mikes Macujo M\u00e9todo.<\/strong><\/p>\n<p>Wash your hair with your regular shampoo before beginning step #1.<\/p>\n<p>PASO 1 &#8211; CHAMP\u00da (paquete # 1)<br \/>\n<span class=\"style1\">\u2022 <\/span>Mojar bien el cabello.<br \/>\n<span class=\"style1\">\u2022 <\/span>\u00a1IMPORTANTE! Aplique \u00daNICAMENTE la mitad del champ\u00fa (la mitad restante para usar despu\u00e9s de Purifier (paquete # 2).<br \/>\n<span class=\"style1\">\u2022 <\/span>Masajee el cuero cabelludo y el cabello durante 10 minutos haciendo espuma.<br \/>\n<span class=\"style1\">\u2022 <\/span>Enjuague bien. (con agua tibia)<\/p>\n<p>PASO 2 &#8211; PURIFICADOR (paquete # 2)<br \/>\n<span class=\"style1\">\u2022 <\/span>Aplicar TODO el Purificador en el cuero cabelludo y el cabello.<br \/>\n<span class=\"style1\">\u2022 <\/span>Distribuir uniformemente y peinar el cabello. (con un peine nuevo)<br \/>\n<span class=\"style1\">\u2022 <\/span>Dejar actuar 10 minutos.<br \/>\n<span class=\"style1\">\u2022 <\/span> Enjuague bien.<\/p>\n<p>PASO 3 &#8211; REPITA EL PASO 1 USANDO EL RESTO DE CHAMP\u00da (paquete # 1)<br \/>\n<span class=\"style1\">\u2022 <\/span>Aplicar champ\u00fa<br \/>\n<span class=\"style1\">\u2022 <\/span>Masajee el cuero cabelludo y el cabello durante 10 minutos hasta formar espuma.<br \/>\n<span class=\"style1\">\u2022 <\/span>Enjuague bien.<\/p>\n<p>PASO 4 &#8211; ACONDICIONADOR (paquete # 3)<br \/>\n<span class=\"style1\">\u2022 <\/span>Aplique TODO el acondicionador y masagee el cuero cabelludo y el cabello.<br \/>\n<span class=\"style1\">\u2022 <\/span>Distribuir uniformemente y peinar el cabello.<br \/>\n<span class=\"style1\">\u2022 <\/span>Dejar reposar durante 10 minutos.<br \/>\n<span class=\"style1\">\u2022 <\/span>Enjuague bien.<\/p>\n","protected":false},"excerpt":{"rendered":"<p><img loading=\"lazy\" decoding=\"async\" src=\"https:\/\/www.macujo.com\/es\/wp-content\/uploads\/2020\/02\/envio-rapido-a-todos-los-paises.jpg\" alt=\"envio rapido a todos los paises\" width=\"400\" height=\"98\" class=\"aligncenter size-full wp-image-4522\" srcset=\"https:\/\/www.macujo.com\/es\/wp-content\/uploads\/2020\/02\/envio-rapido-a-todos-los-paises.jpg 400w, https:\/\/www.macujo.com\/es\/wp-content\/uploads\/2020\/02\/envio-rapido-a-todos-los-paises-300x74.jpg 300w\" sizes=\"auto, (max-width: 400px) 100vw, 400px\" \/><\/p>\n","protected":false},"featured_media":4191,"comment_status":"open","ping_status":"closed","template":"","meta":{"_acf_changed":false,"_lmt_disableupdate":"no","_lmt_disable":""},"product_brand":[],"product_cat":[16],"product_tag":[],"yst_prominent_words":[36,788,779,678,778,782,1032,787,781,785,802,359,38,33,790,783,130,789,780,784],"class_list":{"0":"post-44","1":"product","2":"type-product","3":"status-publish","4":"has-post-thumbnail","6":"product_cat-hair-drug-testing","8":"first","9":"instock","10":"featured","11":"taxable","12":"shipping-taxable","13":"purchasable","14":"product-type-simple"},"acf":[],"_links":{"self":[{"href":"https:\/\/www.macujo.com\/es\/wp-json\/wp\/v2\/product\/44","targetHints":{"allow":["GET"]}}],"collection":[{"href":"https:\/\/www.macujo.com\/es\/wp-json\/wp\/v2\/product"}],"about":[{"href":"https:\/\/www.macujo.com\/es\/wp-json\/wp\/v2\/types\/product"}],"replies":[{"embeddable":true,"href":"https:\/\/www.macujo.com\/es\/wp-json\/wp\/v2\/comments?post=44"}],"wp:featuredmedia":[{"embeddable":true,"href":"https:\/\/www.macujo.com\/es\/wp-json\/wp\/v2\/media\/4191"}],"wp:attachment":[{"href":"https:\/\/www.macujo.com\/es\/wp-json\/wp\/v2\/media?parent=44"}],"wp:term":[{"taxonomy":"product_brand","embeddable":true,"href":"https:\/\/www.macujo.com\/es\/wp-json\/wp\/v2\/product_brand?post=44"},{"taxonomy":"product_cat","embeddable":true,"href":"https:\/\/www.macujo.com\/es\/wp-json\/wp\/v2\/product_cat?post=44"},{"taxonomy":"product_tag","embeddable":true,"href":"https:\/\/www.macujo.com\/es\/wp-json\/wp\/v2\/product_tag?post=44"},{"taxonomy":"yst_prominent_words","embeddable":true,"href":"https:\/\/www.macujo.com\/es\/wp-json\/wp\/v2\/yst_prominent_words?post=44"}],"curies":[{"name":"wp","href":"https:\/\/api.w.org\/{rel}","templated":true}]}}