{"id":3600,"date":"2020-08-24T15:50:03","date_gmt":"2020-08-24T19:50:03","guid":{"rendered":"https:\/\/www.macujo.com\/?post_type=product&#038;p=3600"},"modified":"2026-01-15T12:24:50","modified_gmt":"2026-01-15T17:24:50","slug":"10-panel-saliva-drug-test-screening-kit","status":"publish","type":"product","link":"https:\/\/www.macujo.com\/es\/product\/10-panel-saliva-drug-test-screening-kit\/","title":{"rendered":"Oral Cube &#8211; Kit Prueba De Saliva De 10 Paneles"},"content":{"rendered":"<p>El test multidrogas de 10 drogas es un test r\u00e1pido para la detecci\u00f3n en saliva de una selecci\u00f3n de 10 de las drogas en abuso en la actualidad: Cocaina, THC, Opi\u00e1ceos Metanafetaminas Anfetamina,<br \/>\nFenciclidina (PCP), Barbit\u00faricos, Benzodiazepina, Buprenorfina y Oxicodona. El test de saliva es ideal para detectar el consumo a corto plazo de substancias.<\/p>\n<p>Beneficios \/ Caracter\u00edsticas del kit de prueba de saliva Oral Cube\u00ae de 10 paneles<\/p>\n<p>Resultados inmediatos y f\u00e1ciles de leer.<br \/>\nAlta calidad y durabilidad.<br \/>\nR\u00e1pido y sencillo de administrar.<br \/>\nResultados estables hasta por 1 hora.<br \/>\nLa forma m\u00e1s higi\u00e9nica de an\u00e1lisis de drogas.<br \/>\nElimina la necesidad de ba\u00f1os y muestras de orina.<br \/>\nViene con instrucciones claras.<br \/>\nLarga vida \u00fatil (12-18 meses).<\/p>\n","protected":false},"excerpt":{"rendered":"<p><img loading=\"lazy\" decoding=\"async\" class=\"aligncenter size-full wp-image-4522\" src=\"https:\/\/www.macujo.com\/es\/wp-content\/uploads\/2020\/02\/envio-rapido-a-todos-los-paises.jpg\" alt=\"envio rapido a todos los paises\" width=\"400\" height=\"98\" srcset=\"https:\/\/www.macujo.com\/es\/wp-content\/uploads\/2020\/02\/envio-rapido-a-todos-los-paises.jpg 400w, https:\/\/www.macujo.com\/es\/wp-content\/uploads\/2020\/02\/envio-rapido-a-todos-los-paises-300x74.jpg 300w\" sizes=\"auto, (max-width: 400px) 100vw, 400px\" \/><\/p>\n","protected":false},"featured_media":3602,"comment_status":"open","ping_status":"closed","template":"","meta":{"_acf_changed":false,"_lmt_disableupdate":"no","_lmt_disable":""},"product_brand":[],"product_cat":[18],"product_tag":[],"yst_prominent_words":[179,621,1119,475,202],"class_list":{"0":"post-3600","1":"product","2":"type-product","3":"status-publish","4":"has-post-thumbnail","6":"product_cat-saliva-drug-testing","8":"first","9":"instock","10":"taxable","11":"shipping-taxable","12":"purchasable","13":"product-type-simple"},"acf":[],"_links":{"self":[{"href":"https:\/\/www.macujo.com\/es\/wp-json\/wp\/v2\/product\/3600","targetHints":{"allow":["GET"]}}],"collection":[{"href":"https:\/\/www.macujo.com\/es\/wp-json\/wp\/v2\/product"}],"about":[{"href":"https:\/\/www.macujo.com\/es\/wp-json\/wp\/v2\/types\/product"}],"replies":[{"embeddable":true,"href":"https:\/\/www.macujo.com\/es\/wp-json\/wp\/v2\/comments?post=3600"}],"wp:featuredmedia":[{"embeddable":true,"href":"https:\/\/www.macujo.com\/es\/wp-json\/wp\/v2\/media\/3602"}],"wp:attachment":[{"href":"https:\/\/www.macujo.com\/es\/wp-json\/wp\/v2\/media?parent=3600"}],"wp:term":[{"taxonomy":"product_brand","embeddable":true,"href":"https:\/\/www.macujo.com\/es\/wp-json\/wp\/v2\/product_brand?post=3600"},{"taxonomy":"product_cat","embeddable":true,"href":"https:\/\/www.macujo.com\/es\/wp-json\/wp\/v2\/product_cat?post=3600"},{"taxonomy":"product_tag","embeddable":true,"href":"https:\/\/www.macujo.com\/es\/wp-json\/wp\/v2\/product_tag?post=3600"},{"taxonomy":"yst_prominent_words","embeddable":true,"href":"https:\/\/www.macujo.com\/es\/wp-json\/wp\/v2\/yst_prominent_words?post=3600"}],"curies":[{"name":"wp","href":"https:\/\/api.w.org\/{rel}","templated":true}]}}