{"id":2445,"date":"2020-02-21T16:21:58","date_gmt":"2020-02-21T21:21:58","guid":{"rendered":"https:\/\/www.macujo.com\/?post_type=product&#038;p=2445"},"modified":"2026-01-15T12:01:34","modified_gmt":"2026-01-15T17:01:34","slug":"enjuague-saliva-detox","status":"publish","type":"product","link":"https:\/\/www.macujo.com\/es\/product\/enjuague-saliva-detox\/","title":{"rendered":"Saliva Detox Enjuague Bucal"},"content":{"rendered":"<p>\u00bfNecesitas saber c\u00f3mo pasar una prueba de drogas en saliva? Estos tipos de pruebas son muy eficaces, especialmente para detectar el uso reciente. \u00a1Eso es a menos que tenga nuestro enjuague bucal Supreme Klean Saliva Detox para pasar una prueba de drogas de saliva! \u00a1Entonces no tiene absolutamente ninguna preocupaci\u00f3n cuando se trata de cualquier prueba de drogas en saliva!<\/p>\n<p>Deja tu aliento oliendo muy bien y hace un trabajo incre\u00edble eliminando las toxinas de tu boca en minutos.<br \/>\nDura de 30 a 40 minutos.<br \/>\nAltamente efectivo cuando necesitas pasar una prueba de drogas en saliva.<br \/>\n\u00a1500% de devoluci\u00f3n de dinero garantizada!<br \/>\nDado que el tiempo de cobertura es de solo 30-40 minutos, debe planificar en consecuencia cuando use el enjuague bucal Supreme Klean Detox. Es fundamental no comer ni beber nada despu\u00e9s de usar el producto para asegurarse de poder pasar cualquier prueba de drogas en saliva.<\/p>\n<p>Por qu\u00e9 elegir nuestro producto para pasar una prueba de detecci\u00f3n de drogas en saliva<\/p>\n<p>Nuestro producto funciona r\u00e1pidamente, en minutos<br \/>\nDa suficiente tiempo de limpieza para pasar una prueba de drogas en saliva<br \/>\nUno de los muchos productos excelentes de la l\u00ednea Supreme Klean<br \/>\nViene con nuestra garant\u00eda de devoluci\u00f3n de dinero del 500%, sabemos que nuestros clientes estar\u00e1n satisfechos pero les damos esta garant\u00eda de todos modos.<\/p>\n","protected":false},"excerpt":{"rendered":"<p><img loading=\"lazy\" decoding=\"async\" class=\"aligncenter size-full wp-image-4522\" src=\"https:\/\/www.macujo.com\/es\/wp-content\/uploads\/2020\/02\/envio-rapido-a-todos-los-paises.jpg\" alt=\"envio rapido a todos los paises\" width=\"400\" height=\"98\" srcset=\"https:\/\/www.macujo.com\/es\/wp-content\/uploads\/2020\/02\/envio-rapido-a-todos-los-paises.jpg 400w, https:\/\/www.macujo.com\/es\/wp-content\/uploads\/2020\/02\/envio-rapido-a-todos-los-paises-300x74.jpg 300w\" sizes=\"auto, (max-width: 400px) 100vw, 400px\" \/><\/p>\n","protected":false},"featured_media":2446,"comment_status":"open","ping_status":"closed","template":"","meta":{"_acf_changed":false,"_lmt_disableupdate":"no","_lmt_disable":""},"product_brand":[],"product_cat":[18],"product_tag":[],"yst_prominent_words":[436,650,646,643,50,644,639,649,645,642,641,477,647,640,637,648,638,636,476,472],"class_list":{"0":"post-2445","1":"product","2":"type-product","3":"status-publish","4":"has-post-thumbnail","6":"product_cat-saliva-drug-testing","8":"first","9":"instock","10":"taxable","11":"shipping-taxable","12":"purchasable","13":"product-type-simple"},"acf":[],"_links":{"self":[{"href":"https:\/\/www.macujo.com\/es\/wp-json\/wp\/v2\/product\/2445","targetHints":{"allow":["GET"]}}],"collection":[{"href":"https:\/\/www.macujo.com\/es\/wp-json\/wp\/v2\/product"}],"about":[{"href":"https:\/\/www.macujo.com\/es\/wp-json\/wp\/v2\/types\/product"}],"replies":[{"embeddable":true,"href":"https:\/\/www.macujo.com\/es\/wp-json\/wp\/v2\/comments?post=2445"}],"wp:featuredmedia":[{"embeddable":true,"href":"https:\/\/www.macujo.com\/es\/wp-json\/wp\/v2\/media\/2446"}],"wp:attachment":[{"href":"https:\/\/www.macujo.com\/es\/wp-json\/wp\/v2\/media?parent=2445"}],"wp:term":[{"taxonomy":"product_brand","embeddable":true,"href":"https:\/\/www.macujo.com\/es\/wp-json\/wp\/v2\/product_brand?post=2445"},{"taxonomy":"product_cat","embeddable":true,"href":"https:\/\/www.macujo.com\/es\/wp-json\/wp\/v2\/product_cat?post=2445"},{"taxonomy":"product_tag","embeddable":true,"href":"https:\/\/www.macujo.com\/es\/wp-json\/wp\/v2\/product_tag?post=2445"},{"taxonomy":"yst_prominent_words","embeddable":true,"href":"https:\/\/www.macujo.com\/es\/wp-json\/wp\/v2\/yst_prominent_words?post=2445"}],"curies":[{"name":"wp","href":"https:\/\/api.w.org\/{rel}","templated":true}]}}