{"id":2385,"date":"2020-02-21T13:31:16","date_gmt":"2020-02-21T18:31:16","guid":{"rendered":"https:\/\/www.macujo.com\/?post_type=product&#038;p=2385"},"modified":"2026-01-15T12:04:23","modified_gmt":"2026-01-15T17:04:23","slug":"kit-de-orina-sintetica-ultra-pure","status":"publish","type":"product","link":"https:\/\/www.macujo.com\/es\/product\/kit-de-orina-sintetica-ultra-pure\/","title":{"rendered":"Kit de Orina Sint\u00e9tica ULTRA PURE\u00ae"},"content":{"rendered":"<h3>Orina Sintetica<\/h3>\n<p>Los kits de orina sint\u00e9tica ultra pure\u00ae son los productos de desintoxicaci\u00f3n m\u00e1s populares cuando se trata de pasar una prueba de drogas en orina porque son simples, baratos y extremadamente efectivos. Una vez que sale de la cl\u00ednica de pruebas de drogas, ya sabe que pas\u00f3 su prueba de drogas, que generalmente brinda un alivio inmediato.<\/p>\n<p>Nuestra orina sint\u00e9tica se fabrica en un laboratorio especial con el fin de proporcionar un producto de la m\u00e1s alta calidad posible. Se requiere que cada lote de orina sint\u00e9tica pase una prueba de an\u00e1lisis de orina completa para garantizar que cada muestra de orina sea completamente id\u00e9ntica a la orina humana limpia.<\/p>\n<p>Estamos tan seguros de que pasar\u00e1 su prueba de drogas en orina con nuestra orina sint\u00e9tica que ofrecemos una garant\u00eda de devoluci\u00f3n de dinero del 500% si no pasa la prueba de drogas. \u00a1No encontrar\u00e1 otro fabricante que est\u00e9 dispuesto a respaldar su producto como nosotros!<\/p>\n<p>&#8211; Orina artificial, orina limpia dise\u00f1ada espec\u00edficamente para proteger su privacidad<br \/>\n&#8211; Niveles de pH, gravedad espec\u00edfica y creatina debidamente equilibrados.<br \/>\n&#8211; Instrucciones f\u00e1ciles de usar incluidas con cada kit de orina sint\u00e9tica.<br \/>\n&#8211; Orina sint\u00e9tica unisex con una vida \u00fatil de 2 a\u00f1os, no es necesaria refrigeraci\u00f3n<br \/>\n&#8211; \u00a1Tenemos una tasa de \u00e9xito del 100% absolutamente asombrosa, sin fallas!<br \/>\n&#8211; \u00a1500% de devoluci\u00f3n de dinero garantizada!<\/p>\n<p>&nbsp;<\/p>\n<p>&nbsp;<\/p>\n<h3><strong>\u00bfOrina sint\u00e9tica para pasar los test de droga? Aunque no lo creas, existe<\/strong><\/h3>\n<p>Puede que suene extra\u00f1o y no tenga mucho sentido que se fabrique, pero la orina falsa o sint\u00e9tica existe. Se trata de un l\u00edquido con caracter\u00edsticas parecidas a la orina real, como el color y la composici\u00f3n qu\u00edmica, pero que ha sido creado en un laboratorio. En este art\u00edculo te explicamos m\u00e1s.<\/p>\n<p>La orina sint\u00e9tica ha pasado a convertirse en un art\u00edculos de inter\u00e9s entre quienes buscan burlar un test de drogas. Y si te preguntas por qu\u00e9, la respuesta es sencilla.<\/p>\n<p>Para comprobar si una persona est\u00e1 haciendo uso de narc\u00f3ticos, las autoridades -ya sean policiales, sanitarias, empleadores o hasta padres\/familiares que desean chequear a alguien con un historial de consumo- exigen y realizan una prueba de orina a dicho individuo.<\/p>\n<p>Por esta raz\u00f3n, muchas personas que consumen o han consumido en d\u00edas anteriores alg\u00fan tipo de droga, y deben por ley -o cualquier otra raz\u00f3n- ser evaluados, recurren a la orina falsa para pasar estas pruebas. Y es que la orina es un fluido donde se pueden conseguir los restos de toxinas en el cuerpo f\u00e1cilmente, por ello, es el test antidrogas m\u00e1s com\u00fan.<\/p>\n<p>Depender\u00e1 de cu\u00e1l droga y qu\u00e9 cantidad se consumi\u00f3 para tener el organismo limpio despu\u00e9s de varios d\u00edas de haberse usado. Es decir, ciertos narc\u00f3ticos pueden dejar rastros por mayor tiempo en nuestro cuerpo, por lo que algunos se arriesgan a pedir a otra persona que les \u201cpreste\u201d su orina o compran artificial para conseguir burlar los ex\u00e1menes de toxicolog\u00eda.<\/p>\n<p><strong>Efectividad<\/strong><\/p>\n<p>\u00bfPero de verdad estas presentaciones de orina sint\u00e9tica son efectivas enga\u00f1ando? Depender\u00e1 de diversos factores. Primero, la composici\u00f3n del l\u00edquido artificial debe tener la caracter\u00edsticas necesarias para que realmente pueda ser tomado por or\u00edn real.<\/p>\n<p>Algunos de los componentes qu\u00edmicos y caracter\u00edsticas de la orina que deben tener las imitaciones fabricadas son urea, creatinina y \u00e1cido \u00farico. Asimismo un PH balanceado entre 4 y 10, y una densidad que va entra 1,005-1,030.<\/p>\n<p>Ciertas compa\u00f1\u00edas est\u00e1n constantemente renovando sus productos para hacerlos m\u00e1s reales, agregando hasta microorganismos presentes en la orina real. Sin embargo, eso no es todo. Y ah\u00ed viene el segundo punto: es necesario entender que hay laboratorios que cuentan con mecanismos muy a la vanguardia y meticulosos que podr\u00edan detectar el enga\u00f1o.<\/p>\n<p>Tercero, hay factores como la temperatura de la orina. Y es que al momento de liberarla del cuerpo, es decir, cuando orinamos, este fluido tiene una temperatura m\u00e1s elevada que si se dejara reposar por un tiempo en un envase. Por ello, algunas marcas integran una especie de medidor en sus empaques para que antes de la prueba puedas calentarla.<\/p>\n<p>Por \u00faltimo, el factor humano. Tratar de burlar pruebas de drogas es algo muy com\u00fan, as\u00ed que quienes est\u00e1n acostumbrados a realizarlas pueden ver la actitud y comportamiento de la persona a evaluar. Asimismo, podr\u00edan revisar si tienes objetos como envases o bolsas que guarden orina artificial o \u201cprestada\u201d de alguien m\u00e1s.<\/p>\n<p><strong>\u00bfHay consecuencias?<\/strong><\/p>\n<p>Las pruebas de toxicolog\u00eda con orina suelen realizarse para detectar rastros de drogas il\u00edcitas o f\u00e1rmacos en el organismo.<\/p>\n<p>Aunque lo m\u00e1s com\u00fan es que escuchemos que se realizan a personas con historial de consumo y\/o adicci\u00f3n de drogas recreacionales, tambi\u00e9n se hacen para saber si hay alg\u00fan abuso de f\u00e1rmacos legales en pacientes o incluso a deportistas para descartar el uso de sustancias il\u00edcitas que mejoren su rendimiento.<\/p>\n<p>Pueden ser requeridas legalmente por la polic\u00eda y la justicia, por m\u00e9dicos y en centros de rehabilitaci\u00f3n, empleadores (empresas con normativas de trabajo estrictas) u autoridades deportivas.<\/p>\n<p>Con los test de orina se puede detectar el uso de sustancias ilegales o f\u00e1rmacos de uso facultativo y estricta vigilancia m\u00e9dica como el cannabis (su legalidad var\u00eda por pa\u00eds), benzodiacepinas (alprazolam, diazepam, lorazepam, entre otros), opioides (hero\u00edna, code\u00edna, metadona, oxicodona, vicodin, morfina, entre otros), coca\u00edna, metanfetaminas, anfetaminas, esteroides y barbit\u00faricos, entre otros.<\/p>\n<p>Estas pruebas se han convertido en un paso muy importante en la determinaci\u00f3n de casos legales, recuperaci\u00f3n de pacientes o el juego limpio deportivo. Es por ello, que quienes se aventuran a usar orina sint\u00e9tica deben saber que puede traer consecuencias.<\/p>\n<p>Por otro lado los orines sinteticos, aunque se consiguen f\u00e1cilmente en internet o ciertas tiendas, hay grupos que rechazan su venta y buscan que su uso sea ilegal.<\/p>\n","protected":false},"excerpt":{"rendered":"<p><img loading=\"lazy\" decoding=\"async\" class=\"aligncenter size-full wp-image-4522\" src=\"https:\/\/www.macujo.com\/es\/wp-content\/uploads\/2020\/02\/envio-rapido-a-todos-los-paises.jpg\" alt=\"envio rapido a todos los paises\" width=\"400\" height=\"98\" srcset=\"https:\/\/www.macujo.com\/es\/wp-content\/uploads\/2020\/02\/envio-rapido-a-todos-los-paises.jpg 400w, https:\/\/www.macujo.com\/es\/wp-content\/uploads\/2020\/02\/envio-rapido-a-todos-los-paises-300x74.jpg 300w\" sizes=\"auto, (max-width: 400px) 100vw, 400px\" \/><\/p>\n","protected":false},"featured_media":2386,"comment_status":"open","ping_status":"closed","template":"","meta":{"_acf_changed":false,"_lmt_disableupdate":"no","_lmt_disable":""},"product_brand":[],"product_cat":[19],"product_tag":[],"yst_prominent_words":[725,644,621,695,1134,647,696,638,694,1128,957,202,723],"class_list":{"0":"post-2385","1":"product","2":"type-product","3":"status-publish","4":"has-post-thumbnail","6":"product_cat-urine-drug-testing","8":"first","9":"instock","10":"taxable","11":"shipping-taxable","12":"purchasable","13":"product-type-variable","14":"has-default-attributes"},"acf":[],"_links":{"self":[{"href":"https:\/\/www.macujo.com\/es\/wp-json\/wp\/v2\/product\/2385","targetHints":{"allow":["GET"]}}],"collection":[{"href":"https:\/\/www.macujo.com\/es\/wp-json\/wp\/v2\/product"}],"about":[{"href":"https:\/\/www.macujo.com\/es\/wp-json\/wp\/v2\/types\/product"}],"replies":[{"embeddable":true,"href":"https:\/\/www.macujo.com\/es\/wp-json\/wp\/v2\/comments?post=2385"}],"wp:featuredmedia":[{"embeddable":true,"href":"https:\/\/www.macujo.com\/es\/wp-json\/wp\/v2\/media\/2386"}],"wp:attachment":[{"href":"https:\/\/www.macujo.com\/es\/wp-json\/wp\/v2\/media?parent=2385"}],"wp:term":[{"taxonomy":"product_brand","embeddable":true,"href":"https:\/\/www.macujo.com\/es\/wp-json\/wp\/v2\/product_brand?post=2385"},{"taxonomy":"product_cat","embeddable":true,"href":"https:\/\/www.macujo.com\/es\/wp-json\/wp\/v2\/product_cat?post=2385"},{"taxonomy":"product_tag","embeddable":true,"href":"https:\/\/www.macujo.com\/es\/wp-json\/wp\/v2\/product_tag?post=2385"},{"taxonomy":"yst_prominent_words","embeddable":true,"href":"https:\/\/www.macujo.com\/es\/wp-json\/wp\/v2\/yst_prominent_words?post=2385"}],"curies":[{"name":"wp","href":"https:\/\/api.w.org\/{rel}","templated":true}]}}