{"id":91,"date":"2019-05-03T14:05:24","date_gmt":"2019-05-03T18:05:24","guid":{"rendered":"http:\/\/dev.macujo.com\/?page_id=91"},"modified":"2020-11-04T16:15:14","modified_gmt":"2020-11-04T21:15:14","slug":"tips-y-consejos","status":"publish","type":"page","link":"https:\/\/www.macujo.com\/es\/tips-y-consejos\/","title":{"rendered":"Tips y Consejos"},"content":{"rendered":"<div class=\"wpb-content-wrapper\"><p><img decoding=\"async\" src=\"https:\/\/www.macujo.com\/es\/wp-content\/uploads\/2020\/09\/tips-y-consejos-metodo-mike's-macujo.jpg\" alt=\"tips y consejos para el metodo mike's macujo\" width=\"1050\" class=\"aligncenter size-full wp-image-3793\" \/><\/p>\n<h1>Tips y Consejos: para asegurar la efectividad durante la desintoxicaci\u00f3n de su cabello con el M\u00e9todo Mike\u2019s Macujo<\/h1>\n<ul>\n<li>No utilice su cepillo, o peine usado para prevenir re-contaminacion. Compre uno nuevo o en caso de no poder obtener otro, hierva el peine o cepillo en agua y luego l\u00edmpielo con alcohol.<\/li>\n<li>Seque su cabello con una toalla entre cada paso del M\u00e9todo.<\/li>\n<li>Cada vez que complete un lavado con el m\u00e9todo Mike\u2019s Macujo usted esta bajando los niveles de droga en su cabello, para prevenir contaminaci\u00f3n, use una toalla limpia para cada d\u00eda que este en el proceso de los lavados, no utilice la toalla sin lavar del dia anterior.<\/li>\n<li><strong>Si eras Consumidor diario o intenso<\/strong>, debe hacer un m\u00ednimo de 10 lavados<\/li>\n<li><strong>Consumidor Intenso de THC:<\/strong> debe hacer un m\u00ednimo de 8 a 10 lavados<\/li>\n<li><strong>Consumidor de Opi\u00e1ceos: <\/strong>debe hacer un m\u00ednimo de 10 a 20 10 lavados<\/li>\n<li><strong>Consumidor de COCA\u00cdNA &#8211; METH \u2013 EXTASIS:<\/strong>  Estas drogas son las m\u00e1s duras. Dependiendo de su consumo durante los \u00faltimos 4 meses, determinara el numero de lavados.\n<p>Ejemplo:<br \/>\ndebe hacer el lavado de 1 a 3 veces por cada vez que consumi\u00f3 alguna de estas drogas, Si consumi\u00f3 5 veces, debe hacer de 5 a 15 lavados.<br \/>\nSi eres consumidor cr\u00f3nico: ademas de los lavados le recomendamos que haga una decoloraci\u00f3n y te\u00f1ido de cabello.\n<\/li>\n<p>&nbsp;<\/p>\n<li>Nunca esta de mas el hacer lavados extras, as\u00ed que intenta hacer el M\u00e9todo Mike&#8217;s Macujo m\u00e1s de 1 vez al d\u00eda, usted puede programar cada lavado con espacios de 6 horas antes de hacer el siguiente lavado para evitar irritaciones. Si tiene m\u00e1s de 3 semanas antes de su examen de droga, no necesita hacerlo de 1 a 3 veces al d\u00eda, puede hacerlo 1 vez al d\u00eda o cada dos d\u00edas.<\/li>\n<li>Le Recomendamos de nuevo que no use cepillo o peine usado que le pueda causar recomtaminacion. Hemos sabido de muchas personas fallaron su examen de droga por usar cepillo y peine contaminado, *** POR FAVOR, TOME ESTE CONSEJO EN SERIO ***<\/li>\n<li>Si su cabello es largo y ha fumado en su autom\u00f3vil en el pasado, aseg\u00farese de colocar una toalla sobre el reposacabezas de su autom\u00f3vil para que su cabello limpio con la superficie contaminada.<\/li>\n<\/ul>\n[vc_row][vc_column][vc_column_text]<span style=\"color: #000000;\"><strong><em><u>INFORMACI\u00d3N IMPORTANTE SOBRE LAS PRUEBAS DE DROGAS PARA EL CABELLO<\/u><\/em><\/strong><\/span><\/p>\n<p><span style=\"color: #000000;\"><em><u><img loading=\"lazy\" decoding=\"async\" class=\"size-medium wp-image-229 alignleft\" src=\"https:\/\/www.macujo.com\/wp-content\/uploads\/2019\/05\/hair-drug-test-300x200.jpg\" alt=\"\" width=\"300\" height=\"200\" srcset=\"https:\/\/www.macujo.com\/es\/wp-content\/uploads\/2019\/05\/hair-drug-test-300x200.jpg 300w, https:\/\/www.macujo.com\/es\/wp-content\/uploads\/2019\/05\/hair-drug-test.jpg 500w\" sizes=\"auto, (max-width: 300px) 100vw, 300px\" \/><\/u><\/em><\/span><\/p>\n<ul>\n<li><strong>C\u00f3mo permanecen las toxinas en el cabello? <\/strong>Cuando digo toxinas, esto significa cualquier droga il\u00edcita que pueda hacer que falle en la prueba del cabello; recuerde que por cada semana que no se consume droga, obtendr\u00e1 1\/8 de pulgada de crecimiento de cabello nuevo limpio. Por lo tanto, lo mejor para usted cuando possible, es demorar la prueba de cabello para intentar cambiar la proporci\u00f3n entre el cabello nuevo y el cabello con toxinas<\/li>\n<\/ul>\n<ul>\n<li>Tenga en cuenta que siempre hay 1\/8 de pulgada (3mm) es la ra\u00edz debajo del cuero cabelludo<\/li>\n<\/ul>\n<ul>\n<li><strong>Cuanto cabello se necesita para la prueba?<\/strong> Cuanto cabello se necesita para la prueba? 5\/8\u201d (16mm) de cabello es el m\u00ednimo requerido para la prueba del cabello. cuando dicen que retroceder\u00e1n 90 d\u00edas o 6 meses, no es cierto, solo pueden retroceder hasta la longitud del cabello que se tom\u00f3 de la cabeza &#8230; Media Pulgada (13mm) de cabello contiene 30 d\u00edas de historia, 1 pulgada (25mm) contiene 60 d\u00edas de historia. los hombres tienen la ventaja de tener el cabello mas corto y la mujer en la mayor\u00eda de los casos, tendr\u00e1 que ceder pulgada y media (38mm) cabello que se requiere, esto dara un historial aproximado de 90 d\u00edas<\/li>\n<li>Ahora, para los hombres, si su cabello es m\u00e1s largo de 5\/8 de pulgada y est\u00e1 mayormente limpio NO SE CORTE El CABELLO<br \/>\nSolo c\u00f3rtelo a 5\/8 de pulgada (16mm) si era consumidor diario o intenso,<br \/>\npero si era un consumidor muy ligero en el pasado sera una desventaja cortar su cabello porque su cabello estaria mayormente limpio y esto ayudaria a diluir las toxinas, Porque en el process de la prueba, cortaran el cabello y lo derriten hasta convertirlo en un l\u00edquido y al dejar el cabello m\u00e1s largo ayudaria a diluir el cabello contaminado (esto podria ser algo confuso, as\u00ed que no dudes en llamarme si tienes alguna pregunta)\n<\/li>\n<\/ul>\n<ul>\n<li><strong>QUIERO QUE ENTIENDA QUE CADA VEZ QUE USTED HACE UN LAVADO CON EL M\u00c9TODO MIKE\u2019S MACUJO, EST\u00c1 BAJANDO LOS NIVELES PERMANENTEMENTE. AS\u00cd QUE, SI FALLA LA PRUEBA, NO SE LAV\u00d3 SUFICIENTES VECES<\/strong><\/li>\n<\/ul>\n[\/vc_column_text][\/vc_column][\/vc_row][vc_row][vc_column][vc_column_text]<span style=\"color: #000000;\"><strong><em><u>HOMBRES CON LA CABEZA AFEITADA  &#8230; MUY IMPORTANTE<\/u><\/em><\/strong><\/span><\/p>\n<figure id=\"attachment_195\" aria-describedby=\"caption-attachment-195\" style=\"width: 300px\" class=\"wp-caption alignleft\"><img loading=\"lazy\" decoding=\"async\" class=\"size-medium wp-image-195\" src=\"https:\/\/www.macujo.com\/wp-content\/uploads\/2019\/05\/Bald-hair-macujo-method-300x169.jpg\" alt=\"\" width=\"300\" height=\"169\" srcset=\"https:\/\/www.macujo.com\/es\/wp-content\/uploads\/2019\/05\/Bald-hair-macujo-method-300x169.jpg 300w, https:\/\/www.macujo.com\/es\/wp-content\/uploads\/2019\/05\/Bald-hair-macujo-method-450x253.jpg 450w, https:\/\/www.macujo.com\/es\/wp-content\/uploads\/2019\/05\/Bald-hair-macujo-method.jpg 510w\" sizes=\"auto, (max-width: 300px) 100vw, 300px\" \/><figcaption id=\"caption-attachment-195\" class=\"wp-caption-text\">deje que el cabello de su cabeza comience a crecer, no lo afeite<\/figcaption><\/figure>\n<ul>\n<li>Si tiene la cabeza afeitada y pronto se someter\u00e1 a una prueba de cabello, rebaje todo el vello de su cuerpo hasta el n\u00famero 1 y deje que el cabello de su cabeza comience a crecer, no lo afeite y dentro de 1 semana a 10 d\u00edas, el cabello de su cabeza ser\u00e1 3 veces m\u00e1s largo que el vello corporal. No inicie el M\u00e9todo Mike\u2019s macujo hasta que tenga al menos \u00bc de pulgada (6.5mm) de cabello en su cabeza; de lo contrario, solo estara limpiando su piel.<\/li>\n<li>Quien te est\u00e9 haciando la prueba. D\u00edgale que siempre se afeita todo el vello de su cuerpo y que se lo dejo crecer para que pudieran hacer la prueba. pero aseg\u00farese de que el vello de su cuerpo se mantenga mucho m\u00e1s corto que el de su cabeza.<\/li>\n<li>Recuerde que la cantidad m\u00ednima de cabello necesario para probar es de 5\/8 de pulgada (16mm) si el cabello de su cabeza no mide 5\/8 de pulgada. Cuando vaya a hacer la prueba de cabello ese d\u00eda, hazte el tonto. Lo que suceder\u00e1 es que te preguntar\u00e1n si el vello de tu cuerpo o axilas es m\u00e1s largo. Por supuesto, no ser\u00e1 porque te hayas asegurado de que el cabello de tu cabeza sea m\u00e1s largo. Lo que te dir\u00e1n vuelve en 1 o 2 semanas y tambi\u00e9n te dir\u00e1n que no te cortes el pelo<\/li>\n<li>El d\u00eda de su prueba, vuelva a hacer el M\u00e9todo Mike\u2019s Macujo durante al menos 4 d\u00edas y luego, el d\u00eda de su prueba, use el ZYDOT ULTRA CLEAN SHAMPOO\u00ae como \u00faltimo paso justo despu\u00e9s del M\u00e9todo Mike\u2019s Macujo<\/li>\n<\/ul>\n[\/vc_column_text][\/vc_column][\/vc_row][vc_row][vc_column][vc_column_text]\n<p><strong>VELLO CORPORAL? Por qu\u00e9 nunca debes dar vello corporal para la prueba:<\/strong><\/p>\n<figure id=\"attachment_193\" aria-describedby=\"caption-attachment-193\" style=\"width: 300px\" class=\"wp-caption alignleft\"><img loading=\"lazy\" decoding=\"async\" class=\"size-medium wp-image-193\" src=\"https:\/\/www.macujo.com\/wp-content\/uploads\/2019\/05\/body-hair-mikes-macujo-300x180.jpg\" alt=\"\" width=\"300\" height=\"180\" srcset=\"https:\/\/www.macujo.com\/es\/wp-content\/uploads\/2019\/05\/body-hair-mikes-macujo-300x180.jpg 300w, https:\/\/www.macujo.com\/es\/wp-content\/uploads\/2019\/05\/body-hair-mikes-macujo-510x306.jpg 510w, https:\/\/www.macujo.com\/es\/wp-content\/uploads\/2019\/05\/body-hair-mikes-macujo-768x461.jpg 768w, https:\/\/www.macujo.com\/es\/wp-content\/uploads\/2019\/05\/body-hair-mikes-macujo-1024x614.jpg 1024w, https:\/\/www.macujo.com\/es\/wp-content\/uploads\/2019\/05\/body-hair-mikes-macujo-1568x941.jpg 1568w, https:\/\/www.macujo.com\/es\/wp-content\/uploads\/2019\/05\/body-hair-mikes-macujo.jpg 2000w\" sizes=\"auto, (max-width: 300px) 100vw, 300px\" \/><figcaption id=\"caption-attachment-193\" class=\"wp-caption-text\">1 pulgada de vello corporal podr\u00eda tener 3 veces m\u00e1s niveles de toxinas en comparaci\u00f3n con 1 pulgada de cabello de su cabeza.<\/figcaption><\/figure>\n<div style=\"margin-right: 10px; margin-left: 20px;\"><\/div>\n<ul>\n<li>El vello corporal crece 3 veces m\u00e1s lento que el de la cabeza; esto significa que est\u00e1 expuesto a las toxinas 3 veces m\u00e1s que el de la cabeza; por lo tanto, 1 pulgada de vello corporal podr\u00eda tener 3 veces m\u00e1s niveles de toxinas en comparaci\u00f3n con 1 pulgada de cabello de su cabeza.<\/li>\n<li>El vello corporal es m\u00e1s grueso y \u00e1spero que el pelo de la cabeza, debido a esto, el vello corporal tendr\u00e1 m\u00e1s toxinas que el de la cabeza.<\/li>\n<li>Es muy dif\u00edcil hacer el M\u00e9todo Mike\u2019s Macujo en todo el vello corporal, necersitarias hacer el pecho, las piernas. , brazos y vello en la espalda. No se corte el vello p\u00fabico porque no se les permite quitarle el vello del \u00e1rea p\u00fabica<\/li>\n<\/ul>\n<p>Ahora que comprende por qu\u00e9 es no seria bueno dejar que le examinen el vello corporal. \u00bfC\u00f3mo evitamos esto? La mejor manera de evitar tener que dar vello corporal es reducir todo el vello corporal con maquina usando la #1. su vello quedara aprox. 1\/8 (3mm) de pulgada De esta manera, tu cabello quedar\u00e1 demasiado corto en tu cuerpo, ahora ir\u00e1 a donde est\u00e9 disponible el cabello m\u00e1s largo, que ahora ser\u00e1 el cabello de su cabeza,<\/p>\n[\/vc_column_text][\/vc_column][\/vc_row][vc_row][vc_column][vc_column_text]<span style=\"color: #000000;\"><strong><em><u>HOMBRES CON BARBA <\/u><\/em><\/strong><\/span><\/p>\n<figure id=\"attachment_194\" aria-describedby=\"caption-attachment-194\" style=\"width: 300px\" class=\"wp-caption alignnone\"><img loading=\"lazy\" decoding=\"async\" class=\"size-medium wp-image-194\" src=\"https:\/\/www.macujo.com\/wp-content\/uploads\/2019\/05\/men-with-beards-macujo-300x157.jpg\" alt=\"\" width=\"300\" height=\"157\" srcset=\"https:\/\/www.macujo.com\/es\/wp-content\/uploads\/2019\/05\/men-with-beards-macujo-300x157.jpg 300w, https:\/\/www.macujo.com\/es\/wp-content\/uploads\/2019\/05\/men-with-beards-macujo-510x266.jpg 510w, https:\/\/www.macujo.com\/es\/wp-content\/uploads\/2019\/05\/men-with-beards-macujo-768x401.jpg 768w, https:\/\/www.macujo.com\/es\/wp-content\/uploads\/2019\/05\/men-with-beards-macujo.jpg 1024w\" sizes=\"auto, (max-width: 300px) 100vw, 300px\" \/><figcaption id=\"caption-attachment-194\" class=\"wp-caption-text\">El cabello de su barba debe ser mucho m\u00e1s corto que el cabello de su cabeza o corre el riesgo de que intenten usar la barba para la prueba.<\/figcaption><\/figure>[\/vc_column_text][\/vc_column][\/vc_row][vc_row][vc_column][vc_column_text]\n<h4><strong>A continuaci\u00f3n algunos ejemplos Para mejor comprension<\/strong><\/h4>\n<div style=\"border: solid; border-color: #0881fa; border-radius: 8px; margin-bottom: 5px;\">\n<div style=\"background-color: #0881fa; padding-left: 5px; color: #fafafb; border-radius: 3px;\">\n<p><strong>Ejemplo #1 \u00a0<\/strong><\/div>\n<div style=\"margin: 10px;\">\n<p><strong>Digamos que en el 1 de enero, la v\u00edspera de a\u00f1o nuevo, saliste con tus amigos bebiste un poco y fumas un poco de marihuana, tal vez consumiste un poco de \u00e9xtasis o unas l\u00edneas de cocaina y esta fue la primera vez en casi un a\u00f1o de que habia usado alguna toxina y ahora, con su suerte, se presenta una buena oportunidad de trabajo y necesita hacerse una prueba de drogas en el cabello. Bueno, si toma esa prueba dentro de los 7 d\u00edas, que es entre el 1 de enero y el 7 de enero, su cabello seguir\u00e1 estando limpio y pasar\u00e1 la prueba porque el cabello tarda aproximadamente de 7 a 10 d\u00edas en crecer desde la ra\u00edz antes de que pase a su cuero cabelludo. Pero si la prueba esta programada para el 15 de enero, fallar\u00e1s.<\/strong><\/p>\n<div style=\"text-align: center;\">\n<p><strong>Del 1 de enero al 7 de enero, el primer 1\/8 de pulgada est\u00e1 limpio debajo del cuero cabelludo<\/strong><\/p>\n<p><strong>14 de enero, la segunda semana, 1\/8 de pulgada est\u00e1 limpia por encima del cuero cabelludo<\/strong><\/p>\n<p><strong>21 de enero la tercera semana 2\/8 de pulgada est\u00e1 limpia por encima del cuero cabelludo<\/strong><\/p>\n<p><strong>28 de enero, la cuarta semana, 3\/8 de pulgada est\u00e1 limpia por encima del cuero cabelludo<\/strong><\/p>\n<p><strong>Entonces, cada 7 d\u00edas, un le da otro 1\/8 de crecimiento limpio.<\/strong><\/div>\n<\/div>\n<\/div>\n[\/vc_column_text][\/vc_column][\/vc_row][vc_row][vc_column][vc_column_text][\/vc_column_text][\/vc_column][\/vc_row]\n<\/div>","protected":false},"excerpt":{"rendered":"<p>Tips y Consejos: para asegurar la efectividad durante la desintoxicaci\u00f3n de su cabello con el M\u00e9todo Mike\u2019s Macujo No utilice su cepillo, o peine usado para prevenir re-contaminacion. Compre uno nuevo o en caso de no poder obtener otro, hierva el peine o cepillo en agua y luego l\u00edmpielo con alcohol. Seque su cabello con [&#8230;]\n","protected":false},"author":1,"featured_media":0,"parent":0,"menu_order":0,"comment_status":"closed","ping_status":"closed","template":"","meta":{"_acf_changed":false,"_lmt_disableupdate":"","_lmt_disable":"","footnotes":""},"yst_prominent_words":[847,833,840,841,846,832,844,845,678,842,830,837,584,579,60,838,848,839,831,843],"class_list":["post-91","page","type-page","status-publish","hentry"],"acf":[],"_links":{"self":[{"href":"https:\/\/www.macujo.com\/es\/wp-json\/wp\/v2\/pages\/91","targetHints":{"allow":["GET"]}}],"collection":[{"href":"https:\/\/www.macujo.com\/es\/wp-json\/wp\/v2\/pages"}],"about":[{"href":"https:\/\/www.macujo.com\/es\/wp-json\/wp\/v2\/types\/page"}],"author":[{"embeddable":true,"href":"https:\/\/www.macujo.com\/es\/wp-json\/wp\/v2\/users\/1"}],"replies":[{"embeddable":true,"href":"https:\/\/www.macujo.com\/es\/wp-json\/wp\/v2\/comments?post=91"}],"version-history":[{"count":0,"href":"https:\/\/www.macujo.com\/es\/wp-json\/wp\/v2\/pages\/91\/revisions"}],"wp:attachment":[{"href":"https:\/\/www.macujo.com\/es\/wp-json\/wp\/v2\/media?parent=91"}],"wp:term":[{"taxonomy":"yst_prominent_words","embeddable":true,"href":"https:\/\/www.macujo.com\/es\/wp-json\/wp\/v2\/yst_prominent_words?post=91"}],"curies":[{"name":"wp","href":"https:\/\/api.w.org\/{rel}","templated":true}]}}