{"id":49,"date":"2019-05-03T15:59:17","date_gmt":"2019-05-03T15:59:17","guid":{"rendered":"http:\/\/dev.macujo.com\/?page_id=49"},"modified":"2020-11-04T16:29:01","modified_gmt":"2020-11-04T21:29:01","slug":"sobre-nosotros","status":"publish","type":"page","link":"https:\/\/www.macujo.com\/es\/sobre-nosotros\/","title":{"rendered":"Sobre Nosotros"},"content":{"rendered":"\n<h1> Sobre Macujo.com<\/h1>\n<p>Contamos con m\u00e1s de 20 a\u00f1os establecidos en la industria  de desintoxicaci\u00f3n y pruebas de drogas. <br>\n  Dedicados a ofrecer  productos de desintoxicaci\u00f3n seguros, nuestros productos ayudan a pruebas de drogas con \u00e9xito. <\/p>\n<p>Vendemos nuestros productos en todo el mundo con envi\u00f3 a  su domicilio y contamos con todos los m\u00e9todos de  env\u00edo disponibles <br>\n  Por favor, Vea  los comentarios sobre nuestras  tiendas en eBay, lea lo que los clientes han dicho y todos los comentarios positivos de los clientes  satisfechos despu\u00e9s de comprar Nexxus Aloe Rid original. <br>\n  Si ha visto mis videos antes, debi\u00f3 escuchar sobre el  M\u00c9TODO MIKES MACUJO y mi m\u00e9todo para pasar una prueba de drogas en cabello. <\/p>\n<p>Soy el creador del M\u00c9TODO MIKES MACUJO, nuestro m\u00e9todo  est\u00e1 dise\u00f1ado para eliminar todas las drogas de su cabello. <br>\n  El M\u00c9TODO MACUJO original fue creado para niveles bajos a  moderados de THC. &nbsp;<br>\n  Si tiene niveles altos de THC en su cabello o cualquier  otra droga en su cabello, su prueba FALLAR\u00c1 si utiliza el viejo m\u00e9todo macujo. <br>\n  Solo el M\u00c9TODO MIKES MACUJO funcionar\u00e1 para remover todos  tipo de droga en su cabello, ejemplo: ALCOHOL, NICOTINA, COCA\u00cdNA, METANFETAMINAS, OPIACEOS y,  por supuesto, altos niveles de THC. <br>\n  El M\u00c9TODO MIKES MACUJO solo funciona con el NEXXUS ALOE  RID original o nuestra nueva f\u00f3rmula gen\u00e9rica de NEXXUS ALOE RID que vendemos en  eBay y que pronto tendremos disponible en nuestro sitio web. <\/p>\n<p>Si usted compr\u00f3 su ALOE RID de cualquier otra fuente y no  se parece al que vendemos en nuestro sitio, eso significa que el producto que  usted compro es falso y probablemente le fallar\u00e1. <\/p>\n<p>El NEXXUS ALOE RID es el paso m\u00e1s importante de este  proceso. <br>\n  No compre su ALOE RID en ning\u00fan lugar en el que afirmen  que son envases llenados de contenedores de gal\u00f3n, solo es mentira. <br>\n  Nosotros compramos casi  8000 botellas antes de que se  descontinuo el producto y nos quedan menos de 200, es por eso por lo que  hicimos nuestra versi\u00f3n gen\u00e9rica que estar\u00e1 disponible pronto, y funcional igual a la versi\u00f3n original.<\/p>\n<p>IMPORTANTE: <br>\n  Aqu\u00ed es donde nos diferenciamos de cualquier otra empresa  en Internet. Yo me considero un experto en pasar pruebas de drogas en cabello.<br>\n  No existe escuela de la cual aprender.<\/p>\n<p>&nbsp;Soy un experto  porque yo he estado haciendo esto desde 1998 y he ayudado a miles de personas a  pasar su prueba de drogas en cabello, yo aprend\u00ed qu\u00e9 productos funcionan mejor  para cada droga. Hasta que cre\u00e9 el M\u00c9TODO MIKES MACUJO, <\/p>\n<p>Antes del Metodo Mike\u2019s Macujo nadie podr\u00eda haber pasado  una prueba de drogas en cabello que detecte drogas mas alla del THC.<\/p>\n<p>&nbsp;Es por eso por lo  que dediqu\u00e9 tanto tiempo a crear el M\u00c9TODO MIKES MACUJO, realizando m\u00e1s de mil  pruebas y experimentos. Orgullosamente puedo decir que tenemos algo que  funciona para todas las drogas, eso es el \u201cM\u00c9TODO MIKES MACUJO\u201d\u2026. Aqu\u00ed es donde  nuestra empresa es la mejor para pasar una prueba de drogas en cabello.<\/p>\n<p>Este sitio macujo.com est\u00e1 estrictamente dise\u00f1ado para  pruebas de drogas en cabello, brindamos un excelente apoyo.<br>\n  Tenemos nuestro canal interactivo de YouTube, donde usted  puede hacerme preguntas a mi o a otras personas en nuestro equipo con las que  puede conversar sobre las pruebas de cabello.<\/p>\n<p>Tenemos un libro electr\u00f3nico gratuito (para uso m\u00f3vil) o  una versi\u00f3n en PDF imprimible para descargar que responder\u00e1 casi cualquier  pregunta que pueda tener sobre las pruebas de cabello, este libro incluye todo  tipo de consejos y trucos que son muy importantes para ayudarlo a pasar la  prueba<\/p>\n<p>Tambi\u00e9n tenemos nuestro formulario de consulta gratuita, en el formulario debe responder  algunas preguntas en l\u00ednea sobre su historial de uso de drogas en el pasado y  envi\u00e1rmelo, le llamar\u00e9 o le enviar\u00e9 mi recomendaci\u00f3n por correo  electr\u00f3nico.&nbsp;&nbsp; <br>\n  Acabamos de lanzar nuestra pagina interactiva \u201cCuantos Lavados\u201d  Requeridos por el M\u00e9todo Mikes Macujo en esta pagina usted completara algunas  preguntas sobre su historial de uso de drogas en los \u00faltimos 90 d\u00edas y luego  obtendr\u00e1 una respuesta sobre cu\u00e1ntos lavados son requeridos para su situaci\u00f3n  personal<br>\n  <br>\n  Ahora tenga en cuenta que no es igual para  todos el pasar la prueba de  drogas en cabello, ya sea que  utilice el viejo M\u00c9TODO MACUJO o  el M\u00c9TODO MIKES MACUJO. <br>\n  Por lo tanto,  cuando compre el producto para  pasar la prueba de drogas en cabello,  debe saber cu\u00e1ntos lavados son  requeridos de acuerdo con su ultimo consumo de drogas. <br>\n  No hay  persona ni empresa que tenga la respuesta correcta de cu\u00e1ntos lavados se  necesitan para su situaci\u00f3n personal. <br>\n  Tal vez si  pasa d\u00edas chequeando en Internet, puede encontrar a alguien en una situaci\u00f3n de  uso de drogas similar y hacer lo que esa persona ha hecho. <br>\n  Pero no hay  garant\u00edas de que pueda pasar la prueba ni que exista alguien para llamar y  hacer una pregunta.-<\/p>\n<p>&nbsp;<\/p>\n<p>CONCLUSI\u00d3N:<br>\n  NO use  nuestro MIKES MACUJO METHOD con Aloe Toxin Rid vendido por TESTCLEAR, no  funcionar\u00e1 con nuestro M\u00c9TODO.<br>\n  no estamos  seguros de qu\u00e9 es este champ\u00fa, pero miramos una botella y no es el NEXXUS ALOE RID original &#8230; Si compr\u00f3 Aloe  Toxin Rid llame a TESTCLEAR para obtener apoyo, no podemos apoyar el champ\u00fa de  TESTCLEAR porque no funciona con el M\u00e9todo Mikes Macujo y no es la f\u00f3rmula  anterior NEXXUS ALOE RID. <br>\n  La botella  dice que es Aloe Toxin Rid y se extrae  de galones y nunca o\u00edmos hablar de Aloe Toxin Rid, no existe una marca de este  tipo llamada Aloe Toxin Rid, esto est\u00e1 hecho por TESTCLEAR. <br>\n  Tenga cuidado  y \u00faselo con su propia discreci\u00f3n. No pasa un d\u00eda sin que un cliente llame a  nuestro sitio web MACUJO.com que se queje de la falta de asistencia de  TESTCLEAR y de los malos resultados.<br>\n  NUESTRA TASA  DE \u00c9XITO ES DEL 98% Y MEJOR Y NUNCA DEJAREMOS A UN CLIENTE INFELIZ. HACEMOS LO  QUE SEA NECESARIO PARA QUE PASA LA PRUEBA.<\/p>\n","protected":false},"excerpt":{"rendered":"<p>Sobre Macujo.com Contamos con m\u00e1s de 20 a\u00f1os establecidos en la industria de desintoxicaci\u00f3n y pruebas de drogas. Dedicados a ofrecer productos de desintoxicaci\u00f3n seguros, nuestros productos ayudan a pruebas de drogas con \u00e9xito. Vendemos nuestros productos en todo el mundo con envi\u00f3 a su domicilio y contamos con todos los m\u00e9todos de env\u00edo disponibles [&#8230;]\n","protected":false},"author":1,"featured_media":0,"parent":0,"menu_order":0,"comment_status":"closed","ping_status":"closed","template":"","meta":{"_acf_changed":false,"_lmt_disableupdate":"","_lmt_disable":"","footnotes":""},"yst_prominent_words":[36,953,367,366,951,955,811,802,359,38,33,952,958,956,637,638,950,957,954,368],"class_list":["post-49","page","type-page","status-publish","hentry"],"acf":[],"_links":{"self":[{"href":"https:\/\/www.macujo.com\/es\/wp-json\/wp\/v2\/pages\/49","targetHints":{"allow":["GET"]}}],"collection":[{"href":"https:\/\/www.macujo.com\/es\/wp-json\/wp\/v2\/pages"}],"about":[{"href":"https:\/\/www.macujo.com\/es\/wp-json\/wp\/v2\/types\/page"}],"author":[{"embeddable":true,"href":"https:\/\/www.macujo.com\/es\/wp-json\/wp\/v2\/users\/1"}],"replies":[{"embeddable":true,"href":"https:\/\/www.macujo.com\/es\/wp-json\/wp\/v2\/comments?post=49"}],"version-history":[{"count":0,"href":"https:\/\/www.macujo.com\/es\/wp-json\/wp\/v2\/pages\/49\/revisions"}],"wp:attachment":[{"href":"https:\/\/www.macujo.com\/es\/wp-json\/wp\/v2\/media?parent=49"}],"wp:term":[{"taxonomy":"yst_prominent_words","embeddable":true,"href":"https:\/\/www.macujo.com\/es\/wp-json\/wp\/v2\/yst_prominent_words?post=49"}],"curies":[{"name":"wp","href":"https:\/\/api.w.org\/{rel}","templated":true}]}}