{"id":4572,"date":"2021-06-03T12:42:06","date_gmt":"2021-06-03T16:42:06","guid":{"rendered":"https:\/\/www.macujo.com\/es\/?page_id=4572"},"modified":"2021-06-03T13:54:12","modified_gmt":"2021-06-03T17:54:12","slug":"que-drogas-se-detectan-en-el-cabello","status":"publish","type":"page","link":"https:\/\/www.macujo.com\/es\/que-drogas-se-detectan-en-el-cabello\/","title":{"rendered":"Qu\u00e9 drogas se detectan en el cabello"},"content":{"rendered":"<p><img loading=\"lazy\" decoding=\"async\" class=\"alignnone size-full wp-image-4583\" src=\"https:\/\/www.macujo.com\/es\/wp-content\/uploads\/2021\/06\/que-drogas-son-detectadas-en-el-cabello.jpg\" alt=\"drogas detectadas en el cabello\" width=\"1050\" height=\"186\" srcset=\"https:\/\/www.macujo.com\/es\/wp-content\/uploads\/2021\/06\/que-drogas-son-detectadas-en-el-cabello.jpg 1050w, https:\/\/www.macujo.com\/es\/wp-content\/uploads\/2021\/06\/que-drogas-son-detectadas-en-el-cabello-300x53.jpg 300w, https:\/\/www.macujo.com\/es\/wp-content\/uploads\/2021\/06\/que-drogas-son-detectadas-en-el-cabello-1024x181.jpg 1024w, https:\/\/www.macujo.com\/es\/wp-content\/uploads\/2021\/06\/que-drogas-son-detectadas-en-el-cabello-768x136.jpg 768w, https:\/\/www.macujo.com\/es\/wp-content\/uploads\/2021\/06\/que-drogas-son-detectadas-en-el-cabello-510x90.jpg 510w\" sizes=\"auto, (max-width: 1050px) 100vw, 1050px\" \/>Las pruebas de detecci\u00f3n de drogas en cabello suelen detectar coca\u00edna, marihuana, opi\u00e1ceos, metanfetamina, \u00e9xtasis y PCP.<br \/>\ndependiendo en el tipo de pueba y de cuantos paneles se pueden detectar aun mas diferentes tipo de droga<\/p>\n<h3>Prueba de cabello de 5 paneles<\/h3>\n<p>La prueba de drogas para el cabello de 5 paneles detecta marihuana, coca\u00edna, opi\u00e1ceos (hero\u00edna, morfina y code\u00edna), anfetaminas (\u00e9xtasis, MDA, MDMA y metanfetaminas) y PCP (fenciclidina, tambi\u00e9n conocida como polvo de \u00e1ngel).<\/p>\n<h3 id=\"tw-target-text\" class=\"tw-data-text tw-text-large XcVN5d tw-ta\" dir=\"ltr\" data-placeholder=\"Translation\"><span class=\"Y2IQFc\" lang=\"es\">Prueba de cabello de 5 paneles con opi\u00e1ceos expandidos <\/span><\/h3>\n<p class=\"tw-data-text tw-text-large XcVN5d tw-ta\" dir=\"ltr\" data-placeholder=\"Translation\"><span class=\"Y2IQFc\" lang=\"es\">Nuestra prueba de drogas de fol\u00edculo piloso ampliada de 5 paneles incluye todos esos, m\u00e1s los opi\u00e1ceos adicionales: oxicodona, hidrocodona, oximorfona e hidromorfona.<\/span><\/p>\n<h3 id=\"tw-target-text\" class=\"tw-data-text tw-text-large XcVN5d tw-ta\" dir=\"ltr\" data-placeholder=\"Translation\"><span class=\"Y2IQFc\" lang=\"es\">Prueba de cabello de 7 paneles<\/span><\/h3>\n<p class=\"tw-data-text tw-text-large XcVN5d tw-ta\" dir=\"ltr\" data-placeholder=\"Translation\"><span class=\"Y2IQFc\" lang=\"es\">La prueba de cabello de 7 paneles incluye pruebas de barbit\u00faricos, benzodiacepinas, coca\u00edna, marihuana, anfetaminas (metanfetamina y \u00e9xtasis), PCP (feniciclidina) y opi\u00e1ceos (code\u00edna, oxicodina, oximorfona, hidrocodona, hidromorfona, morfina y metabolito de hero\u00edna 6-MAM).<\/span><\/p>\n<h3 id=\"tw-target-text\" class=\"tw-data-text tw-text-large XcVN5d tw-ta\" dir=\"ltr\" data-placeholder=\"Translation\"><span class=\"Y2IQFc\" lang=\"es\">Prueba de cabello de 9 paneles <\/span><\/h3>\n<p class=\"tw-data-text tw-text-large XcVN5d tw-ta\" dir=\"ltr\" data-placeholder=\"Translation\"><span class=\"Y2IQFc\" lang=\"es\">Las pruebas de detecci\u00f3n de drogas de 9 paneles detectan marihuana, coca\u00edna, opi\u00e1ceos (incluidas hero\u00edna, morfina, code\u00edna, oxicodona, hidrocodona, oximorfona e hidromorfona), PCP, propoxifeno, benzodiazepinas, metadona y barbit\u00faricos.<\/span><\/p>\n<h3 id=\"tw-target-text\" class=\"tw-data-text tw-text-large XcVN5d tw-ta\" dir=\"ltr\" data-placeholder=\"Translation\"><span class=\"Y2IQFc\" lang=\"es\">Prueba de cabello de 12 paneles<\/span><\/h3>\n<p class=\"tw-data-text tw-text-large XcVN5d tw-ta\" dir=\"ltr\" data-placeholder=\"Translation\"><span class=\"Y2IQFc\" lang=\"es\">La prueba de cabello de 12 paneles es la prueba de drogas m\u00e1s completa que tenemos disponible. Incluye marihuana, coca\u00edna, PCP, anfetaminas, opi\u00e1ceos, barbit\u00faricos, benzodiazepinas, propoxifeno, metadona, oxicodona, tramadol y meperidina. Tambi\u00e9n se encuentran disponibles pruebas especiales para el cabello para detectar una variedad de otros medicamentos.<\/span><\/p>\n<h3 id=\"tw-target-text\" class=\"tw-data-text tw-text-large XcVN5d tw-ta\" dir=\"ltr\" data-placeholder=\"Translation\"><span class=\"Y2IQFc\" lang=\"es\">Prueba de cabello de 14 paneles<\/span><\/h3>\n<p class=\"tw-data-text tw-text-large XcVN5d tw-ta\" dir=\"ltr\" data-placeholder=\"Translation\"><span class=\"Y2IQFc\" lang=\"es\">Nuestra prueba de cabello de 14 paneles incluye coca\u00edna, marihuana, propoxifeno, anfetaminas (metanfetaminas y \u00e9xtasis), PCP, opi\u00e1ceos (code\u00edna, morfina y metabolito de hero\u00edna 6-MAM, oxicodona, hidrocodona e hidromorfona), barbit\u00faricos, benzodiazepinas, metadona, tramadilol, Fentanilo y merperidina.<\/span><\/p>\n<h3 id=\"tw-target-text\" class=\"tw-data-text tw-text-large XcVN5d tw-ta\" dir=\"ltr\" data-placeholder=\"Translation\"><span class=\"Y2IQFc\" lang=\"es\">Prueba de cabello de 17 paneles<\/span><\/h3>\n<p class=\"tw-data-text tw-text-large XcVN5d tw-ta\" dir=\"ltr\" data-placeholder=\"Translation\"><span class=\"Y2IQFc\" lang=\"es\">La nueva prueba de drogas capilares de 17 paneles es el panel de pruebas de drogas m\u00e1s completo disponible en los Estados Unidos. Esta prueba incluye anfetaminas, metanfetaminas, coca\u00edna, marihuana, benzodiazepenos, barbit\u00faricos, metadona, opi\u00e1ceos, opi\u00e1ceos sint\u00e9ticos expandidos, fentanilo, tramadol, buprenorfina, PCP, propoxifeno, meperidina, ketamina y zolpidem (Ambien).<\/span><\/p>\n<p dir=\"ltr\" data-placeholder=\"Translation\"><div class=\"woocommerce columns-4 \"><div class=\"products row row-small large-columns-4 medium-columns-3 small-columns-2\">\n\n<div class=\"product-small col has-hover product type-product post-44 status-publish first instock product_cat-hair-drug-testing has-post-thumbnail featured taxable shipping-taxable purchasable product-type-simple\">\n\t<div class=\"col-inner\">\n\t\n<div class=\"badge-container absolute left top z-1\">\n<\/div>\n\t<div class=\"product-small box \">\n\t\t<div class=\"box-image\">\n\t\t\t<div class=\"image-fade_in_back\">\n\t\t\t\t<a href=\"https:\/\/www.macujo.com\/es\/product\/champu-nexxus-aloe-rid-y-champu-zydot-ultra-clean\/\">\n\t\t\t\t\t<img loading=\"lazy\" decoding=\"async\" width=\"247\" height=\"296\" src=\"https:\/\/www.macujo.com\/es\/wp-content\/uploads\/2019\/05\/zydot-nexxus-aloe-rid-cantidades-limitadas3-247x296.jpg\" class=\"attachment-woocommerce_thumbnail size-woocommerce_thumbnail\" alt=\"Champ\u00fa Aloe Rid Y Zydot\" \/>\t\t\t\t<\/a>\n\t\t\t<\/div>\n\t\t\t<div class=\"image-tools is-small top right show-on-hover\">\n\t\t\t\t\t\t\t<\/div>\n\t\t\t<div class=\"image-tools is-small hide-for-small bottom left show-on-hover\">\n\t\t\t\t\t\t\t<\/div>\n\t\t\t<div class=\"image-tools grid-tools text-center hide-for-small bottom hover-slide-in show-on-hover\">\n\t\t\t\t  <a class=\"quick-view\" data-prod=\"44\" href=\"#quick-view\">Vista R\u00e1pida<\/a>\t\t\t<\/div>\n\t\t\t\t\t<\/div><!-- box-image -->\n\n\t\t<div class=\"box-text box-text-products\">\n\t\t\t<div class=\"title-wrapper\">\t\t<p class=\"category uppercase is-smaller no-text-overflow product-cat op-7\">\n\t\t\tPasar prueba de Cabello\t\t<\/p>\n\t<p class=\"name product-title\"><a href=\"https:\/\/www.macujo.com\/es\/product\/champu-nexxus-aloe-rid-y-champu-zydot-ultra-clean\/\">Champ\u00fa Aloe Rid Y Zydot<\/a><\/p><\/div><div class=\"price-wrapper\"><div class=\"star-rating\" role=\"img\" aria-label=\"Valorado con 4.94 de 5\"><span style=\"width:98.8%\">Valorado con <strong class=\"rating\">4.94<\/strong> de 5<\/span><\/div>\n\t<span class=\"price\"><span class=\"woocommerce-Price-amount amount\"><bdi><span class=\"woocommerce-Price-currencySymbol\">&#36;<\/span>205.00<\/bdi><\/span><\/span>\n<\/div>\t\t<\/div><!-- box-text -->\n\t<\/div><!-- box -->\n\t<span class=\"gtm4wp_productdata\" style=\"display:none; visibility:hidden;\" data-gtm4wp_product_data=\"{&quot;internal_id&quot;:44,&quot;item_id&quot;:44,&quot;item_name&quot;:&quot;Champ\\u00fa Aloe Rid Y Zydot&quot;,&quot;sku&quot;:&quot;1006&quot;,&quot;price&quot;:205,&quot;stocklevel&quot;:null,&quot;stockstatus&quot;:&quot;instock&quot;,&quot;google_business_vertical&quot;:&quot;retail&quot;,&quot;item_category&quot;:&quot;Pasar prueba de Cabello&quot;,&quot;id&quot;:44,&quot;productlink&quot;:&quot;https:\\\/\\\/www.macujo.com\\\/es\\\/product\\\/champu-nexxus-aloe-rid-y-champu-zydot-ultra-clean\\\/&quot;,&quot;item_list_name&quot;:&quot;Productos destacados&quot;,&quot;index&quot;:1,&quot;product_type&quot;:&quot;simple&quot;,&quot;item_brand&quot;:&quot;&quot;}\"><\/span>\t<\/div><!-- .col-inner -->\n<\/div><!-- col -->\n\n<div class=\"product-small col has-hover product type-product post-45 status-publish instock product_cat-hair-drug-testing has-post-thumbnail featured taxable shipping-taxable purchasable product-type-simple\">\n\t<div class=\"col-inner\">\n\t\n<div class=\"badge-container absolute left top z-1\">\n<\/div>\n\t<div class=\"product-small box \">\n\t\t<div class=\"box-image\">\n\t\t\t<div class=\"image-fade_in_back\">\n\t\t\t\t<a href=\"https:\/\/www.macujo.com\/es\/product\/nexxus-aloe-rid-champu-aclarador\/\">\n\t\t\t\t\t<img loading=\"lazy\" decoding=\"async\" width=\"247\" height=\"296\" src=\"https:\/\/www.macujo.com\/es\/wp-content\/uploads\/2019\/05\/champu-nexxus-aloe-rid-original3-247x296.jpg\" class=\"attachment-woocommerce_thumbnail size-woocommerce_thumbnail\" alt=\"NEXXUS ALOE RID\u00ae CHAMP\u00da ACLARADOR AUTENTICO\" \/>\t\t\t\t<\/a>\n\t\t\t<\/div>\n\t\t\t<div class=\"image-tools is-small top right show-on-hover\">\n\t\t\t\t\t\t\t<\/div>\n\t\t\t<div class=\"image-tools is-small hide-for-small bottom left show-on-hover\">\n\t\t\t\t\t\t\t<\/div>\n\t\t\t<div class=\"image-tools grid-tools text-center hide-for-small bottom hover-slide-in show-on-hover\">\n\t\t\t\t  <a class=\"quick-view\" data-prod=\"45\" href=\"#quick-view\">Vista R\u00e1pida<\/a>\t\t\t<\/div>\n\t\t\t\t\t<\/div><!-- box-image -->\n\n\t\t<div class=\"box-text box-text-products\">\n\t\t\t<div class=\"title-wrapper\">\t\t<p class=\"category uppercase is-smaller no-text-overflow product-cat op-7\">\n\t\t\tPasar prueba de Cabello\t\t<\/p>\n\t<p class=\"name product-title\"><a href=\"https:\/\/www.macujo.com\/es\/product\/nexxus-aloe-rid-champu-aclarador\/\">NEXXUS ALOE RID\u00ae CHAMP\u00da ACLARADOR AUTENTICO<\/a><\/p><\/div><div class=\"price-wrapper\"><div class=\"star-rating\" role=\"img\" aria-label=\"Valorado con 5.00 de 5\"><span style=\"width:100%\">Valorado con <strong class=\"rating\">5.00<\/strong> de 5<\/span><\/div>\n\t<span class=\"price\"><span class=\"woocommerce-Price-amount amount\"><bdi><span class=\"woocommerce-Price-currencySymbol\">&#36;<\/span>185.00<\/bdi><\/span><\/span>\n<\/div>\t\t<\/div><!-- box-text -->\n\t<\/div><!-- box -->\n\t<span class=\"gtm4wp_productdata\" style=\"display:none; visibility:hidden;\" data-gtm4wp_product_data=\"{&quot;internal_id&quot;:45,&quot;item_id&quot;:45,&quot;item_name&quot;:&quot;NEXXUS ALOE RID\\u00ae CHAMP\\u00da ACLARADOR AUTENTICO&quot;,&quot;sku&quot;:&quot;1005&quot;,&quot;price&quot;:185,&quot;stocklevel&quot;:null,&quot;stockstatus&quot;:&quot;instock&quot;,&quot;google_business_vertical&quot;:&quot;retail&quot;,&quot;item_category&quot;:&quot;Pasar prueba de Cabello&quot;,&quot;id&quot;:45,&quot;productlink&quot;:&quot;https:\\\/\\\/www.macujo.com\\\/es\\\/product\\\/nexxus-aloe-rid-champu-aclarador\\\/&quot;,&quot;item_list_name&quot;:&quot;Productos destacados&quot;,&quot;index&quot;:2,&quot;product_type&quot;:&quot;simple&quot;,&quot;item_brand&quot;:&quot;&quot;}\"><\/span>\t<\/div><!-- .col-inner -->\n<\/div><!-- col -->\n\n<div class=\"product-small col has-hover product type-product post-1158 status-publish instock product_cat-hair-drug-testing product_tag-home-hair-drug-test-kit product_tag-mikes-macujo-method product_tag-mikes-method has-post-thumbnail featured taxable shipping-taxable purchasable product-type-simple\">\n\t<div class=\"col-inner\">\n\t\n<div class=\"badge-container absolute left top z-1\">\n<\/div>\n\t<div class=\"product-small box \">\n\t\t<div class=\"box-image\">\n\t\t\t<div class=\"image-fade_in_back\">\n\t\t\t\t<a href=\"https:\/\/www.macujo.com\/es\/product\/kit-de-prueba-de-cabello-en-casa\/\">\n\t\t\t\t\t<img loading=\"lazy\" decoding=\"async\" width=\"247\" height=\"296\" src=\"https:\/\/www.macujo.com\/es\/wp-content\/uploads\/2019\/08\/home-hair-test-kit-247x296.jpg\" class=\"attachment-woocommerce_thumbnail size-woocommerce_thumbnail\" alt=\"Macujo method home hair test kit for hair drug testing\" \/><img loading=\"lazy\" decoding=\"async\" width=\"247\" height=\"296\" src=\"https:\/\/www.macujo.com\/es\/wp-content\/uploads\/2019\/08\/home-hair-test-1-scaled-247x296.jpg\" class=\"show-on-hover absolute fill hide-for-small back-image\" alt=\"\" \/>\t\t\t\t<\/a>\n\t\t\t<\/div>\n\t\t\t<div class=\"image-tools is-small top right show-on-hover\">\n\t\t\t\t\t\t\t<\/div>\n\t\t\t<div class=\"image-tools is-small hide-for-small bottom left show-on-hover\">\n\t\t\t\t\t\t\t<\/div>\n\t\t\t<div class=\"image-tools grid-tools text-center hide-for-small bottom hover-slide-in show-on-hover\">\n\t\t\t\t  <a class=\"quick-view\" data-prod=\"1158\" href=\"#quick-view\">Vista R\u00e1pida<\/a>\t\t\t<\/div>\n\t\t\t\t\t<\/div><!-- box-image -->\n\n\t\t<div class=\"box-text box-text-products\">\n\t\t\t<div class=\"title-wrapper\">\t\t<p class=\"category uppercase is-smaller no-text-overflow product-cat op-7\">\n\t\t\tPasar prueba de Cabello\t\t<\/p>\n\t<p class=\"name product-title\"><a href=\"https:\/\/www.macujo.com\/es\/product\/kit-de-prueba-de-cabello-en-casa\/\">Kit para prueba de cabello en casa<\/a><\/p><\/div><div class=\"price-wrapper\">\n\t<span class=\"price\"><span class=\"woocommerce-Price-amount amount\"><bdi><span class=\"woocommerce-Price-currencySymbol\">&#36;<\/span>62.00<\/bdi><\/span><\/span>\n<\/div>\t\t<\/div><!-- box-text -->\n\t<\/div><!-- box -->\n\t<span class=\"gtm4wp_productdata\" style=\"display:none; visibility:hidden;\" data-gtm4wp_product_data=\"{&quot;internal_id&quot;:1158,&quot;item_id&quot;:1158,&quot;item_name&quot;:&quot;Kit para prueba de cabello en casa&quot;,&quot;sku&quot;:&quot;1011&quot;,&quot;price&quot;:62,&quot;stocklevel&quot;:null,&quot;stockstatus&quot;:&quot;instock&quot;,&quot;google_business_vertical&quot;:&quot;retail&quot;,&quot;item_category&quot;:&quot;Pasar prueba de Cabello&quot;,&quot;id&quot;:1158,&quot;productlink&quot;:&quot;https:\\\/\\\/www.macujo.com\\\/es\\\/product\\\/kit-de-prueba-de-cabello-en-casa\\\/&quot;,&quot;item_list_name&quot;:&quot;Productos destacados&quot;,&quot;index&quot;:3,&quot;product_type&quot;:&quot;simple&quot;,&quot;item_brand&quot;:&quot;&quot;}\"><\/span>\t<\/div><!-- .col-inner -->\n<\/div><!-- col -->\n\n<div class=\"product-small col has-hover product type-product post-46 status-publish last instock product_cat-hair-drug-testing has-post-thumbnail featured taxable shipping-taxable purchasable product-type-simple\">\n\t<div class=\"col-inner\">\n\t\n<div class=\"badge-container absolute left top z-1\">\n<\/div>\n\t<div class=\"product-small box \">\n\t\t<div class=\"box-image\">\n\t\t\t<div class=\"image-fade_in_back\">\n\t\t\t\t<a href=\"https:\/\/www.macujo.com\/es\/product\/champu-zydot\/\">\n\t\t\t\t\t<img loading=\"lazy\" decoding=\"async\" width=\"247\" height=\"296\" src=\"https:\/\/www.macujo.com\/es\/wp-content\/uploads\/2019\/05\/zydot-ultra-clean-1-247x296.jpg\" class=\"attachment-woocommerce_thumbnail size-woocommerce_thumbnail\" alt=\"champu zydot\" \/>\t\t\t\t<\/a>\n\t\t\t<\/div>\n\t\t\t<div class=\"image-tools is-small top right show-on-hover\">\n\t\t\t\t\t\t\t<\/div>\n\t\t\t<div class=\"image-tools is-small hide-for-small bottom left show-on-hover\">\n\t\t\t\t\t\t\t<\/div>\n\t\t\t<div class=\"image-tools grid-tools text-center hide-for-small bottom hover-slide-in show-on-hover\">\n\t\t\t\t  <a class=\"quick-view\" data-prod=\"46\" href=\"#quick-view\">Vista R\u00e1pida<\/a>\t\t\t<\/div>\n\t\t\t\t\t<\/div><!-- box-image -->\n\n\t\t<div class=\"box-text box-text-products\">\n\t\t\t<div class=\"title-wrapper\">\t\t<p class=\"category uppercase is-smaller no-text-overflow product-cat op-7\">\n\t\t\tPasar prueba de Cabello\t\t<\/p>\n\t<p class=\"name product-title\"><a href=\"https:\/\/www.macujo.com\/es\/product\/champu-zydot\/\">Champ\u00fa Zydot Ultra Clean\u00ae<\/a><\/p><\/div><div class=\"price-wrapper\">\n\t<span class=\"price\"><span class=\"woocommerce-Price-amount amount\"><bdi><span class=\"woocommerce-Price-currencySymbol\">&#36;<\/span>30.00<\/bdi><\/span><\/span>\n<\/div>\t\t<\/div><!-- box-text -->\n\t<\/div><!-- box -->\n\t<span class=\"gtm4wp_productdata\" style=\"display:none; visibility:hidden;\" data-gtm4wp_product_data=\"{&quot;internal_id&quot;:46,&quot;item_id&quot;:46,&quot;item_name&quot;:&quot;Champ\\u00fa Zydot Ultra Clean\\u00ae&quot;,&quot;sku&quot;:&quot;1004&quot;,&quot;price&quot;:30,&quot;stocklevel&quot;:null,&quot;stockstatus&quot;:&quot;instock&quot;,&quot;google_business_vertical&quot;:&quot;retail&quot;,&quot;item_category&quot;:&quot;Pasar prueba de Cabello&quot;,&quot;id&quot;:46,&quot;productlink&quot;:&quot;https:\\\/\\\/www.macujo.com\\\/es\\\/product\\\/champu-zydot\\\/&quot;,&quot;item_list_name&quot;:&quot;Productos destacados&quot;,&quot;index&quot;:4,&quot;product_type&quot;:&quot;simple&quot;,&quot;item_brand&quot;:&quot;&quot;}\"><\/span>\t<\/div><!-- .col-inner -->\n<\/div><!-- col -->\n<\/div><!-- row --><\/div>\n","protected":false},"excerpt":{"rendered":"<p>Las pruebas de detecci\u00f3n de drogas en cabello suelen detectar coca\u00edna, marihuana, opi\u00e1ceos, metanfetamina, \u00e9xtasis y PCP. dependiendo en el tipo de pueba y de cuantos paneles se pueden detectar aun mas diferentes tipo de droga Prueba de cabello de 5 paneles La prueba de drogas para el cabello de 5 paneles detecta marihuana, coca\u00edna, [&#8230;]\n","protected":false},"author":288,"featured_media":4583,"parent":0,"menu_order":0,"comment_status":"closed","ping_status":"closed","template":"","meta":{"_acf_changed":false,"_lmt_disableupdate":"no","_lmt_disable":"","footnotes":""},"yst_prominent_words":[651,1120],"class_list":["post-4572","page","type-page","status-publish","has-post-thumbnail","hentry"],"acf":[],"_links":{"self":[{"href":"https:\/\/www.macujo.com\/es\/wp-json\/wp\/v2\/pages\/4572","targetHints":{"allow":["GET"]}}],"collection":[{"href":"https:\/\/www.macujo.com\/es\/wp-json\/wp\/v2\/pages"}],"about":[{"href":"https:\/\/www.macujo.com\/es\/wp-json\/wp\/v2\/types\/page"}],"author":[{"embeddable":true,"href":"https:\/\/www.macujo.com\/es\/wp-json\/wp\/v2\/users\/288"}],"replies":[{"embeddable":true,"href":"https:\/\/www.macujo.com\/es\/wp-json\/wp\/v2\/comments?post=4572"}],"version-history":[{"count":0,"href":"https:\/\/www.macujo.com\/es\/wp-json\/wp\/v2\/pages\/4572\/revisions"}],"wp:featuredmedia":[{"embeddable":true,"href":"https:\/\/www.macujo.com\/es\/wp-json\/wp\/v2\/media\/4583"}],"wp:attachment":[{"href":"https:\/\/www.macujo.com\/es\/wp-json\/wp\/v2\/media?parent=4572"}],"wp:term":[{"taxonomy":"yst_prominent_words","embeddable":true,"href":"https:\/\/www.macujo.com\/es\/wp-json\/wp\/v2\/yst_prominent_words?post=4572"}],"curies":[{"name":"wp","href":"https:\/\/api.w.org\/{rel}","templated":true}]}}