{"id":2433,"date":"2020-02-21T15:24:02","date_gmt":"2020-02-21T20:24:02","guid":{"rendered":"https:\/\/www.macujo.com\/?page_id=2433"},"modified":"2021-06-08T15:31:01","modified_gmt":"2021-06-08T19:31:01","slug":"prueba-de-cabello","status":"publish","type":"page","link":"https:\/\/www.macujo.com\/es\/prueba-de-cabello\/","title":{"rendered":"Productos Para Pasar Prueba Drogas en Cabello"},"content":{"rendered":"\r\n<h1>Productos Para Pasar Prueba Drogas en Cabello<\/h1>\r\n\r\n\n  \n    <div class=\"row large-columns-4 medium-columns-3 small-columns-2 row-small\">\n  \t\n\t     \n\t\t\t\t\t\n<div class=\"product-small col has-hover product type-product post-4590 status-publish first instock product_cat-hair-drug-testing has-post-thumbnail taxable shipping-taxable purchasable product-type-simple\">\n\t<div class=\"col-inner\">\n\t\n<div class=\"badge-container absolute left top z-1\">\n<\/div>\n\t<div class=\"product-small box \">\n\t\t<div class=\"box-image\">\n\t\t\t<div class=\"image-fade_in_back\">\n\t\t\t\t<a href=\"https:\/\/www.macujo.com\/es\/product\/sistema-detox-para-cabello\/\">\n\t\t\t\t\t<img loading=\"lazy\" decoding=\"async\" width=\"247\" height=\"296\" src=\"https:\/\/www.macujo.com\/es\/wp-content\/uploads\/2021\/06\/sistema-detox-para-cabello-1-1-247x296.jpg\" class=\"attachment-woocommerce_thumbnail size-woocommerce_thumbnail\" alt=\"Programa Detox Para Cabello Macujo Aloe Rid + Zydot\" \/><img loading=\"lazy\" decoding=\"async\" width=\"247\" height=\"296\" src=\"https:\/\/www.macujo.com\/es\/wp-content\/uploads\/2021\/06\/sistema-detox-para-cabello-INSTRUCCIONES-INCLUIDAS-247x296.jpg\" class=\"show-on-hover absolute fill hide-for-small back-image\" alt=\"\" \/>\t\t\t\t<\/a>\n\t\t\t<\/div>\n\t\t\t<div class=\"image-tools is-small top right show-on-hover\">\n\t\t\t\t\t\t\t<\/div>\n\t\t\t<div class=\"image-tools is-small hide-for-small bottom left show-on-hover\">\n\t\t\t\t\t\t\t<\/div>\n\t\t\t<div class=\"image-tools grid-tools text-center hide-for-small bottom hover-slide-in show-on-hover\">\n\t\t\t\t  <a class=\"quick-view\" data-prod=\"4590\" href=\"#quick-view\">Vista R\u00e1pida<\/a>\t\t\t<\/div>\n\t\t\t\t\t<\/div><!-- box-image -->\n\n\t\t<div class=\"box-text box-text-products\">\n\t\t\t<div class=\"title-wrapper\">\t\t<p class=\"category uppercase is-smaller no-text-overflow product-cat op-7\">\n\t\t\tPasar prueba de Cabello\t\t<\/p>\n\t<p class=\"name product-title\"><a href=\"https:\/\/www.macujo.com\/es\/product\/sistema-detox-para-cabello\/\">Programa Detox Para Cabello Macujo Aloe Rid + Zydot<\/a><\/p><\/div><div class=\"price-wrapper\">\n\t<span class=\"price\"><span class=\"woocommerce-Price-amount amount\"><bdi><span class=\"woocommerce-Price-currencySymbol\">&#36;<\/span>185.00<\/bdi><\/span><\/span>\n<\/div>\t\t<\/div><!-- box-text -->\n\t<\/div><!-- box -->\n\t<span class=\"gtm4wp_productdata\" style=\"display:none; visibility:hidden;\" data-gtm4wp_product_data=\"{&quot;internal_id&quot;:4590,&quot;item_id&quot;:4590,&quot;item_name&quot;:&quot;Programa Detox Para Cabello Macujo Aloe Rid + Zydot&quot;,&quot;sku&quot;:4590,&quot;price&quot;:185,&quot;stocklevel&quot;:null,&quot;stockstatus&quot;:&quot;instock&quot;,&quot;google_business_vertical&quot;:&quot;retail&quot;,&quot;item_category&quot;:&quot;Pasar prueba de Cabello&quot;,&quot;id&quot;:4590,&quot;productlink&quot;:&quot;https:\\\/\\\/www.macujo.com\\\/es\\\/product\\\/sistema-detox-para-cabello\\\/&quot;,&quot;item_list_name&quot;:&quot;Lista general de productos&quot;,&quot;index&quot;:1,&quot;product_type&quot;:&quot;simple&quot;,&quot;item_brand&quot;:&quot;&quot;}\"><\/span>\t<\/div><!-- .col-inner -->\n<\/div><!-- col -->\n\t            \n\t\t\t\t\t\n<div class=\"product-small col has-hover product type-product post-44 status-publish instock product_cat-hair-drug-testing has-post-thumbnail featured taxable shipping-taxable purchasable product-type-simple\">\n\t<div class=\"col-inner\">\n\t\n<div class=\"badge-container absolute left top z-1\">\n<\/div>\n\t<div class=\"product-small box \">\n\t\t<div class=\"box-image\">\n\t\t\t<div class=\"image-fade_in_back\">\n\t\t\t\t<a href=\"https:\/\/www.macujo.com\/es\/product\/champu-nexxus-aloe-rid-y-champu-zydot-ultra-clean\/\">\n\t\t\t\t\t<img loading=\"lazy\" decoding=\"async\" width=\"247\" height=\"296\" src=\"https:\/\/www.macujo.com\/es\/wp-content\/uploads\/2019\/05\/zydot-nexxus-aloe-rid-cantidades-limitadas3-247x296.jpg\" class=\"attachment-woocommerce_thumbnail size-woocommerce_thumbnail\" alt=\"Champ\u00fa Aloe Rid Y Zydot\" \/>\t\t\t\t<\/a>\n\t\t\t<\/div>\n\t\t\t<div class=\"image-tools is-small top right show-on-hover\">\n\t\t\t\t\t\t\t<\/div>\n\t\t\t<div class=\"image-tools is-small hide-for-small bottom left show-on-hover\">\n\t\t\t\t\t\t\t<\/div>\n\t\t\t<div class=\"image-tools grid-tools text-center hide-for-small bottom hover-slide-in show-on-hover\">\n\t\t\t\t  <a class=\"quick-view\" data-prod=\"44\" href=\"#quick-view\">Vista R\u00e1pida<\/a>\t\t\t<\/div>\n\t\t\t\t\t<\/div><!-- box-image -->\n\n\t\t<div class=\"box-text box-text-products\">\n\t\t\t<div class=\"title-wrapper\">\t\t<p class=\"category uppercase is-smaller no-text-overflow product-cat op-7\">\n\t\t\tPasar prueba de Cabello\t\t<\/p>\n\t<p class=\"name product-title\"><a href=\"https:\/\/www.macujo.com\/es\/product\/champu-nexxus-aloe-rid-y-champu-zydot-ultra-clean\/\">Champ\u00fa Aloe Rid Y Zydot<\/a><\/p><\/div><div class=\"price-wrapper\"><div class=\"star-rating\" role=\"img\" aria-label=\"Valorado con 4.94 de 5\"><span style=\"width:98.8%\">Valorado con <strong class=\"rating\">4.94<\/strong> de 5<\/span><\/div>\n\t<span class=\"price\"><span class=\"woocommerce-Price-amount amount\"><bdi><span class=\"woocommerce-Price-currencySymbol\">&#36;<\/span>205.00<\/bdi><\/span><\/span>\n<\/div>\t\t<\/div><!-- box-text -->\n\t<\/div><!-- box -->\n\t<span class=\"gtm4wp_productdata\" style=\"display:none; visibility:hidden;\" data-gtm4wp_product_data=\"{&quot;internal_id&quot;:44,&quot;item_id&quot;:44,&quot;item_name&quot;:&quot;Champ\\u00fa Aloe Rid Y Zydot&quot;,&quot;sku&quot;:&quot;1006&quot;,&quot;price&quot;:205,&quot;stocklevel&quot;:null,&quot;stockstatus&quot;:&quot;instock&quot;,&quot;google_business_vertical&quot;:&quot;retail&quot;,&quot;item_category&quot;:&quot;Pasar prueba de Cabello&quot;,&quot;id&quot;:44,&quot;productlink&quot;:&quot;https:\\\/\\\/www.macujo.com\\\/es\\\/product\\\/champu-nexxus-aloe-rid-y-champu-zydot-ultra-clean\\\/&quot;,&quot;item_list_name&quot;:&quot;Lista general de productos&quot;,&quot;index&quot;:2,&quot;product_type&quot;:&quot;simple&quot;,&quot;item_brand&quot;:&quot;&quot;}\"><\/span>\t<\/div><!-- .col-inner -->\n<\/div><!-- col -->\n\t            \n\t\t\t\t\t\n<div class=\"product-small col has-hover product type-product post-45 status-publish last instock product_cat-hair-drug-testing has-post-thumbnail featured taxable shipping-taxable purchasable product-type-simple\">\n\t<div class=\"col-inner\">\n\t\n<div class=\"badge-container absolute left top z-1\">\n<\/div>\n\t<div class=\"product-small box \">\n\t\t<div class=\"box-image\">\n\t\t\t<div class=\"image-fade_in_back\">\n\t\t\t\t<a href=\"https:\/\/www.macujo.com\/es\/product\/nexxus-aloe-rid-champu-aclarador\/\">\n\t\t\t\t\t<img loading=\"lazy\" decoding=\"async\" width=\"247\" height=\"296\" src=\"https:\/\/www.macujo.com\/es\/wp-content\/uploads\/2019\/05\/champu-nexxus-aloe-rid-original3-247x296.jpg\" class=\"attachment-woocommerce_thumbnail size-woocommerce_thumbnail\" alt=\"NEXXUS ALOE RID\u00ae CHAMP\u00da ACLARADOR AUTENTICO\" \/>\t\t\t\t<\/a>\n\t\t\t<\/div>\n\t\t\t<div class=\"image-tools is-small top right show-on-hover\">\n\t\t\t\t\t\t\t<\/div>\n\t\t\t<div class=\"image-tools is-small hide-for-small bottom left show-on-hover\">\n\t\t\t\t\t\t\t<\/div>\n\t\t\t<div class=\"image-tools grid-tools text-center hide-for-small bottom hover-slide-in show-on-hover\">\n\t\t\t\t  <a class=\"quick-view\" data-prod=\"45\" href=\"#quick-view\">Vista R\u00e1pida<\/a>\t\t\t<\/div>\n\t\t\t\t\t<\/div><!-- box-image -->\n\n\t\t<div class=\"box-text box-text-products\">\n\t\t\t<div class=\"title-wrapper\">\t\t<p class=\"category uppercase is-smaller no-text-overflow product-cat op-7\">\n\t\t\tPasar prueba de Cabello\t\t<\/p>\n\t<p class=\"name product-title\"><a href=\"https:\/\/www.macujo.com\/es\/product\/nexxus-aloe-rid-champu-aclarador\/\">NEXXUS ALOE RID\u00ae CHAMP\u00da ACLARADOR AUTENTICO<\/a><\/p><\/div><div class=\"price-wrapper\"><div class=\"star-rating\" role=\"img\" aria-label=\"Valorado con 5.00 de 5\"><span style=\"width:100%\">Valorado con <strong class=\"rating\">5.00<\/strong> de 5<\/span><\/div>\n\t<span class=\"price\"><span class=\"woocommerce-Price-amount amount\"><bdi><span class=\"woocommerce-Price-currencySymbol\">&#36;<\/span>185.00<\/bdi><\/span><\/span>\n<\/div>\t\t<\/div><!-- box-text -->\n\t<\/div><!-- box -->\n\t<span class=\"gtm4wp_productdata\" style=\"display:none; visibility:hidden;\" data-gtm4wp_product_data=\"{&quot;internal_id&quot;:45,&quot;item_id&quot;:45,&quot;item_name&quot;:&quot;NEXXUS ALOE RID\\u00ae CHAMP\\u00da ACLARADOR AUTENTICO&quot;,&quot;sku&quot;:&quot;1005&quot;,&quot;price&quot;:185,&quot;stocklevel&quot;:null,&quot;stockstatus&quot;:&quot;instock&quot;,&quot;google_business_vertical&quot;:&quot;retail&quot;,&quot;item_category&quot;:&quot;Pasar prueba de Cabello&quot;,&quot;id&quot;:45,&quot;productlink&quot;:&quot;https:\\\/\\\/www.macujo.com\\\/es\\\/product\\\/nexxus-aloe-rid-champu-aclarador\\\/&quot;,&quot;item_list_name&quot;:&quot;Lista general de productos&quot;,&quot;index&quot;:3,&quot;product_type&quot;:&quot;simple&quot;,&quot;item_brand&quot;:&quot;&quot;}\"><\/span>\t<\/div><!-- .col-inner -->\n<\/div><!-- col -->\n\t            \n\t\t\t\t\t\n<div class=\"product-small col has-hover product type-product post-46 status-publish first instock product_cat-hair-drug-testing has-post-thumbnail featured taxable shipping-taxable purchasable product-type-simple\">\n\t<div class=\"col-inner\">\n\t\n<div class=\"badge-container absolute left top z-1\">\n<\/div>\n\t<div class=\"product-small box \">\n\t\t<div class=\"box-image\">\n\t\t\t<div class=\"image-fade_in_back\">\n\t\t\t\t<a href=\"https:\/\/www.macujo.com\/es\/product\/champu-zydot\/\">\n\t\t\t\t\t<img loading=\"lazy\" decoding=\"async\" width=\"247\" height=\"296\" src=\"https:\/\/www.macujo.com\/es\/wp-content\/uploads\/2019\/05\/zydot-ultra-clean-1-247x296.jpg\" class=\"attachment-woocommerce_thumbnail size-woocommerce_thumbnail\" alt=\"champu zydot\" \/>\t\t\t\t<\/a>\n\t\t\t<\/div>\n\t\t\t<div class=\"image-tools is-small top right show-on-hover\">\n\t\t\t\t\t\t\t<\/div>\n\t\t\t<div class=\"image-tools is-small hide-for-small bottom left show-on-hover\">\n\t\t\t\t\t\t\t<\/div>\n\t\t\t<div class=\"image-tools grid-tools text-center hide-for-small bottom hover-slide-in show-on-hover\">\n\t\t\t\t  <a class=\"quick-view\" data-prod=\"46\" href=\"#quick-view\">Vista R\u00e1pida<\/a>\t\t\t<\/div>\n\t\t\t\t\t<\/div><!-- box-image -->\n\n\t\t<div class=\"box-text box-text-products\">\n\t\t\t<div class=\"title-wrapper\">\t\t<p class=\"category uppercase is-smaller no-text-overflow product-cat op-7\">\n\t\t\tPasar prueba de Cabello\t\t<\/p>\n\t<p class=\"name product-title\"><a href=\"https:\/\/www.macujo.com\/es\/product\/champu-zydot\/\">Champ\u00fa Zydot Ultra Clean\u00ae<\/a><\/p><\/div><div class=\"price-wrapper\">\n\t<span class=\"price\"><span class=\"woocommerce-Price-amount amount\"><bdi><span class=\"woocommerce-Price-currencySymbol\">&#36;<\/span>30.00<\/bdi><\/span><\/span>\n<\/div>\t\t<\/div><!-- box-text -->\n\t<\/div><!-- box -->\n\t<span class=\"gtm4wp_productdata\" style=\"display:none; visibility:hidden;\" data-gtm4wp_product_data=\"{&quot;internal_id&quot;:46,&quot;item_id&quot;:46,&quot;item_name&quot;:&quot;Champ\\u00fa Zydot Ultra Clean\\u00ae&quot;,&quot;sku&quot;:&quot;1004&quot;,&quot;price&quot;:30,&quot;stocklevel&quot;:null,&quot;stockstatus&quot;:&quot;instock&quot;,&quot;google_business_vertical&quot;:&quot;retail&quot;,&quot;item_category&quot;:&quot;Pasar prueba de Cabello&quot;,&quot;id&quot;:46,&quot;productlink&quot;:&quot;https:\\\/\\\/www.macujo.com\\\/es\\\/product\\\/champu-zydot\\\/&quot;,&quot;item_list_name&quot;:&quot;Lista general de productos&quot;,&quot;index&quot;:4,&quot;product_type&quot;:&quot;simple&quot;,&quot;item_brand&quot;:&quot;&quot;}\"><\/span>\t<\/div><!-- .col-inner -->\n<\/div><!-- col -->\n\t            \n\t\t\t\t\t\n<div class=\"product-small col has-hover out-of-stock product type-product post-48 status-publish outofstock product_cat-hair-drug-testing has-post-thumbnail taxable shipping-taxable purchasable product-type-simple\">\n\t<div class=\"col-inner\">\n\t\n<div class=\"badge-container absolute left top z-1\">\n<\/div>\n\t<div class=\"product-small box \">\n\t\t<div class=\"box-image\">\n\t\t\t<div class=\"image-fade_in_back\">\n\t\t\t\t<a href=\"https:\/\/www.macujo.com\/es\/product\/ultra-cleanse-shampoo\/\">\n\t\t\t\t\t<img loading=\"lazy\" decoding=\"async\" width=\"247\" height=\"296\" src=\"https:\/\/www.macujo.com\/es\/wp-content\/uploads\/2019\/05\/ultra-cleanse-1-247x296.jpg\" class=\"attachment-woocommerce_thumbnail size-woocommerce_thumbnail\" alt=\"Champ\u00fa Supreme Klean Ultra Cleanse Shampoo\" \/>\t\t\t\t<\/a>\n\t\t\t<\/div>\n\t\t\t<div class=\"image-tools is-small top right show-on-hover\">\n\t\t\t\t\t\t\t<\/div>\n\t\t\t<div class=\"image-tools is-small hide-for-small bottom left show-on-hover\">\n\t\t\t\t\t\t\t<\/div>\n\t\t\t<div class=\"image-tools grid-tools text-center hide-for-small bottom hover-slide-in show-on-hover\">\n\t\t\t\t  <a class=\"quick-view\" data-prod=\"48\" href=\"#quick-view\">Vista R\u00e1pida<\/a>\t\t\t<\/div>\n\t\t\t<div class=\"out-of-stock-label\">Sin existencias<\/div>\t\t<\/div><!-- box-image -->\n\n\t\t<div class=\"box-text box-text-products\">\n\t\t\t<div class=\"title-wrapper\">\t\t<p class=\"category uppercase is-smaller no-text-overflow product-cat op-7\">\n\t\t\tPasar prueba de Cabello\t\t<\/p>\n\t<p class=\"name product-title\"><a href=\"https:\/\/www.macujo.com\/es\/product\/ultra-cleanse-shampoo\/\">Champ\u00fa Supreme Klean Ultra Cleanse Shampoo<\/a><\/p><\/div><div class=\"price-wrapper\">\n\t<span class=\"price\"><span class=\"woocommerce-Price-amount amount\"><bdi><span class=\"woocommerce-Price-currencySymbol\">&#36;<\/span>35.00<\/bdi><\/span><\/span>\n<\/div>\t\t<\/div><!-- box-text -->\n\t<\/div><!-- box -->\n\t<span class=\"gtm4wp_productdata\" style=\"display:none; visibility:hidden;\" data-gtm4wp_product_data=\"{&quot;internal_id&quot;:48,&quot;item_id&quot;:48,&quot;item_name&quot;:&quot;Champ\\u00fa Supreme Klean Ultra Cleanse Shampoo&quot;,&quot;sku&quot;:&quot;757901833793&quot;,&quot;price&quot;:35,&quot;stocklevel&quot;:null,&quot;stockstatus&quot;:&quot;outofstock&quot;,&quot;google_business_vertical&quot;:&quot;retail&quot;,&quot;item_category&quot;:&quot;Pasar prueba de Cabello&quot;,&quot;id&quot;:48,&quot;productlink&quot;:&quot;https:\\\/\\\/www.macujo.com\\\/es\\\/product\\\/ultra-cleanse-shampoo\\\/&quot;,&quot;item_list_name&quot;:&quot;Lista general de productos&quot;,&quot;index&quot;:5,&quot;product_type&quot;:&quot;simple&quot;,&quot;item_brand&quot;:&quot;&quot;}\"><\/span>\t<\/div><!-- .col-inner -->\n<\/div><!-- col -->\n\t            \n\t\t\t\t\t\n<div class=\"product-small col has-hover product type-product post-1158 status-publish last instock product_cat-hair-drug-testing product_tag-home-hair-drug-test-kit product_tag-mikes-macujo-method product_tag-mikes-method has-post-thumbnail featured taxable shipping-taxable purchasable product-type-simple\">\n\t<div class=\"col-inner\">\n\t\n<div class=\"badge-container absolute left top z-1\">\n<\/div>\n\t<div class=\"product-small box \">\n\t\t<div class=\"box-image\">\n\t\t\t<div class=\"image-fade_in_back\">\n\t\t\t\t<a href=\"https:\/\/www.macujo.com\/es\/product\/kit-de-prueba-de-cabello-en-casa\/\">\n\t\t\t\t\t<img loading=\"lazy\" decoding=\"async\" width=\"247\" height=\"296\" src=\"https:\/\/www.macujo.com\/es\/wp-content\/uploads\/2019\/08\/home-hair-test-kit-247x296.jpg\" class=\"attachment-woocommerce_thumbnail size-woocommerce_thumbnail\" alt=\"Macujo method home hair test kit for hair drug testing\" \/><img loading=\"lazy\" decoding=\"async\" width=\"247\" height=\"296\" src=\"https:\/\/www.macujo.com\/es\/wp-content\/uploads\/2019\/08\/home-hair-test-1-scaled-247x296.jpg\" class=\"show-on-hover absolute fill hide-for-small back-image\" alt=\"\" \/>\t\t\t\t<\/a>\n\t\t\t<\/div>\n\t\t\t<div class=\"image-tools is-small top right show-on-hover\">\n\t\t\t\t\t\t\t<\/div>\n\t\t\t<div class=\"image-tools is-small hide-for-small bottom left show-on-hover\">\n\t\t\t\t\t\t\t<\/div>\n\t\t\t<div class=\"image-tools grid-tools text-center hide-for-small bottom hover-slide-in show-on-hover\">\n\t\t\t\t  <a class=\"quick-view\" data-prod=\"1158\" href=\"#quick-view\">Vista R\u00e1pida<\/a>\t\t\t<\/div>\n\t\t\t\t\t<\/div><!-- box-image -->\n\n\t\t<div class=\"box-text box-text-products\">\n\t\t\t<div class=\"title-wrapper\">\t\t<p class=\"category uppercase is-smaller no-text-overflow product-cat op-7\">\n\t\t\tPasar prueba de Cabello\t\t<\/p>\n\t<p class=\"name product-title\"><a href=\"https:\/\/www.macujo.com\/es\/product\/kit-de-prueba-de-cabello-en-casa\/\">Kit para prueba de cabello en casa<\/a><\/p><\/div><div class=\"price-wrapper\">\n\t<span class=\"price\"><span class=\"woocommerce-Price-amount amount\"><bdi><span class=\"woocommerce-Price-currencySymbol\">&#36;<\/span>62.00<\/bdi><\/span><\/span>\n<\/div>\t\t<\/div><!-- box-text -->\n\t<\/div><!-- box -->\n\t<span class=\"gtm4wp_productdata\" style=\"display:none; visibility:hidden;\" data-gtm4wp_product_data=\"{&quot;internal_id&quot;:1158,&quot;item_id&quot;:1158,&quot;item_name&quot;:&quot;Kit para prueba de cabello en casa&quot;,&quot;sku&quot;:&quot;1011&quot;,&quot;price&quot;:62,&quot;stocklevel&quot;:null,&quot;stockstatus&quot;:&quot;instock&quot;,&quot;google_business_vertical&quot;:&quot;retail&quot;,&quot;item_category&quot;:&quot;Pasar prueba de Cabello&quot;,&quot;id&quot;:1158,&quot;productlink&quot;:&quot;https:\\\/\\\/www.macujo.com\\\/es\\\/product\\\/kit-de-prueba-de-cabello-en-casa\\\/&quot;,&quot;item_list_name&quot;:&quot;Lista general de productos&quot;,&quot;index&quot;:6,&quot;product_type&quot;:&quot;simple&quot;,&quot;item_brand&quot;:&quot;&quot;}\"><\/span>\t<\/div><!-- .col-inner -->\n<\/div><!-- col -->\n\t            \n\t\t\t\t\t\n<div class=\"product-small col has-hover product type-product post-2127 status-publish first instock product_cat-hair-drug-testing has-post-thumbnail purchasable product-type-simple\">\n\t<div class=\"col-inner\">\n\t\n<div class=\"badge-container absolute left top z-1\">\n<\/div>\n\t<div class=\"product-small box \">\n\t\t<div class=\"box-image\">\n\t\t\t<div class=\"image-fade_in_back\">\n\t\t\t\t<a href=\"https:\/\/www.macujo.com\/es\/product\/astringente-clean-clear-y-tide-liquido-detergente-envio-internacional\/\">\n\t\t\t\t\t<img loading=\"lazy\" decoding=\"async\" width=\"247\" height=\"296\" src=\"https:\/\/www.macujo.com\/es\/wp-content\/uploads\/2020\/03\/tide10oz-pack-247x296.jpg\" class=\"attachment-woocommerce_thumbnail size-woocommerce_thumbnail\" alt=\"2 Clean &amp; Clear \/ Tide detergent - International shipping\" \/>\t\t\t\t<\/a>\n\t\t\t<\/div>\n\t\t\t<div class=\"image-tools is-small top right show-on-hover\">\n\t\t\t\t\t\t\t<\/div>\n\t\t\t<div class=\"image-tools is-small hide-for-small bottom left show-on-hover\">\n\t\t\t\t\t\t\t<\/div>\n\t\t\t<div class=\"image-tools grid-tools text-center hide-for-small bottom hover-slide-in show-on-hover\">\n\t\t\t\t  <a class=\"quick-view\" data-prod=\"2127\" href=\"#quick-view\">Vista R\u00e1pida<\/a>\t\t\t<\/div>\n\t\t\t\t\t<\/div><!-- box-image -->\n\n\t\t<div class=\"box-text box-text-products\">\n\t\t\t<div class=\"title-wrapper\">\t\t<p class=\"category uppercase is-smaller no-text-overflow product-cat op-7\">\n\t\t\tPasar prueba de Cabello\t\t<\/p>\n\t<p class=\"name product-title\"><a href=\"https:\/\/www.macujo.com\/es\/product\/astringente-clean-clear-y-tide-liquido-detergente-envio-internacional\/\">2 Clean &#038; Clear \/ Tide detergent &#8211; International shipping<\/a><\/p><\/div><div class=\"price-wrapper\">\n\t<span class=\"price\"><span class=\"woocommerce-Price-amount amount\"><bdi><span class=\"woocommerce-Price-currencySymbol\">&#36;<\/span>44.00<\/bdi><\/span><\/span>\n<\/div>\t\t<\/div><!-- box-text -->\n\t<\/div><!-- box -->\n\t<span class=\"gtm4wp_productdata\" style=\"display:none; visibility:hidden;\" data-gtm4wp_product_data=\"{&quot;internal_id&quot;:2127,&quot;item_id&quot;:2127,&quot;item_name&quot;:&quot;2 Clean &amp; Clear \\\/ Tide detergent - International shipping&quot;,&quot;sku&quot;:&quot;1010&quot;,&quot;price&quot;:44,&quot;stocklevel&quot;:null,&quot;stockstatus&quot;:&quot;instock&quot;,&quot;google_business_vertical&quot;:&quot;retail&quot;,&quot;item_category&quot;:&quot;Pasar prueba de Cabello&quot;,&quot;id&quot;:2127,&quot;productlink&quot;:&quot;https:\\\/\\\/www.macujo.com\\\/es\\\/product\\\/astringente-clean-clear-y-tide-liquido-detergente-envio-internacional\\\/&quot;,&quot;item_list_name&quot;:&quot;Lista general de productos&quot;,&quot;index&quot;:7,&quot;product_type&quot;:&quot;simple&quot;,&quot;item_brand&quot;:&quot;&quot;}\"><\/span>\t<\/div><!-- .col-inner -->\n<\/div><!-- col -->\n\t            \n\t        <\/div>\r\n\r\n<h3>\u00bfSe le aproxima una prueba de drogas para el cabello que necesita pasar?<\/h3>\r\n<p>Si desea aprobar con \u00e9xito su prueba de drogas, los productos del M\u00e9todo Macujo de Mike son su mejor oportunidad para ayudarlo.<br \/>Nuestro champ\u00fa desintoxicante de prueba de drogas para el cabello ha demostrado su eficacia para limpiar los residuos de drogas de cualquier tipo de todo tipo de cabello. Es una f\u00f3rmula concentrada que ayudar\u00e1 a limpiar la acumulaci\u00f3n de drogas en el cabello, incluso si es un gran consumidor de drogas.<br \/>Con nuestros kits de prueba de cabello caseros, puede probar f\u00e1cilmente su cabello para ver si detecta alguna droga. Seguir unos sencillos pasos le permite probar su cabello en casa y le brinda resultados confiables en d\u00edas. Al realizar pruebas de detecci\u00f3n de drogas en el cabello en casa con nuestros kits de prueba, podr\u00e1 analizar 18 tipos de drogas, lo que la convierte en una prueba de amplio rango.<\/p>\r\n<h3>Champ\u00fa Detox para pruebas de pelo<\/h3>\r\n<p>Estos productos son f\u00e1ciles de usar y producen resultados efectivos cuando se usan de acuerdo con las instrucciones. Cuando compra nuestros productos para su champ\u00fa para las pruebas de detecci\u00f3n de drogas en el cabello, puede estar seguro de que est\u00e1 obteniendo art\u00edculos de la mejor calidad que lo ayudar\u00e1n a pasar adecuadamente la prueba de detecci\u00f3n de drogas.<\/p>\r\n<p>Preguntas frecuentes<\/p>\r\n<ol>\r\n<li style=\"list-style-type: none;\">\r\n<ol>\r\n<li><strong>\u00bfDetectar\u00e1 una prueba de detecci\u00f3n de drogas en el cabello un uso leve de drogas?<\/strong><\/li>\r\n<\/ol>\r\n<\/li>\r\n<\/ol>\r\n<p>\u00a0Si. Las pruebas de detecci\u00f3n de drogas en el cabello pueden identificar el uso de drogas incluso si eres un consumidor ligero.<\/p>\r\n<ol>\r\n<li style=\"list-style-type: none;\">\r\n<ol>\r\n<li><strong>\u00bfCu\u00e1ntas veces tengo que lavarme el cabello con tu champ\u00fa para deshacerme de las drogas? <\/strong><\/li>\r\n<\/ol>\r\n<\/li>\r\n<\/ol>\r\n<p>Esto depende de la cantidad de medicamentos que use y del tipo de medicamentos. Para obtener informaci\u00f3n espec\u00edfica sobre cu\u00e1ntas veces necesita lavarse el cabello con nuestro champ\u00fa, haga pulse aqu\u00ed<\/p>\r\n<ol>\r\n<li><strong>\u00bfCu\u00e1nto tiempo puede un test de drogas en Cabello detectar residuos en mi cabello?<\/strong><\/li>\r\n<\/ol>\r\n<p>Las pruebas de detecci\u00f3n de drogas en el cabello pueden detectar drogas hasta 90 d\u00edas despu\u00e9s de su uso. Nuestros kits para el cabello de prueba casera le proporcionar\u00e1n un informe de drogas de 90 d\u00edas e informar\u00e1n el tipo de drogas encontradas y la cantidad en su cabello.<\/p>","protected":false},"excerpt":{"rendered":"<p>Productos Para Pasar Prueba Drogas en Cabello \u00bfSe le aproxima una prueba de drogas para el cabello que necesita pasar? Si desea aprobar con \u00e9xito su prueba de drogas, los productos del M\u00e9todo Macujo de Mike son su mejor oportunidad para ayudarlo.Nuestro champ\u00fa desintoxicante de prueba de drogas para el cabello ha demostrado su eficacia [&#8230;]\n","protected":false},"author":1,"featured_media":0,"parent":0,"menu_order":0,"comment_status":"closed","ping_status":"closed","template":"","meta":{"_acf_changed":false,"_lmt_disableupdate":"no","_lmt_disable":"","footnotes":""},"yst_prominent_words":[1121,1079,651,652,1120],"class_list":["post-2433","page","type-page","status-publish","hentry"],"acf":[],"_links":{"self":[{"href":"https:\/\/www.macujo.com\/es\/wp-json\/wp\/v2\/pages\/2433","targetHints":{"allow":["GET"]}}],"collection":[{"href":"https:\/\/www.macujo.com\/es\/wp-json\/wp\/v2\/pages"}],"about":[{"href":"https:\/\/www.macujo.com\/es\/wp-json\/wp\/v2\/types\/page"}],"author":[{"embeddable":true,"href":"https:\/\/www.macujo.com\/es\/wp-json\/wp\/v2\/users\/1"}],"replies":[{"embeddable":true,"href":"https:\/\/www.macujo.com\/es\/wp-json\/wp\/v2\/comments?post=2433"}],"version-history":[{"count":0,"href":"https:\/\/www.macujo.com\/es\/wp-json\/wp\/v2\/pages\/2433\/revisions"}],"wp:attachment":[{"href":"https:\/\/www.macujo.com\/es\/wp-json\/wp\/v2\/media?parent=2433"}],"wp:term":[{"taxonomy":"yst_prominent_words","embeddable":true,"href":"https:\/\/www.macujo.com\/es\/wp-json\/wp\/v2\/yst_prominent_words?post=2433"}],"curies":[{"name":"wp","href":"https:\/\/api.w.org\/{rel}","templated":true}]}}