{"id":237,"date":"2019-05-08T12:57:50","date_gmt":"2019-05-08T16:57:50","guid":{"rendered":"http:\/\/dev.macujo.com\/?page_id=237"},"modified":"2020-10-08T11:32:12","modified_gmt":"2020-10-08T15:32:12","slug":"envios-y-devoluciones","status":"publish","type":"page","link":"https:\/\/www.macujo.com\/es\/envios-y-devoluciones\/","title":{"rendered":"Shipping"},"content":{"rendered":"<div class=\"wpb-content-wrapper\">[vc_row][vc_column][vc_column_text]\n<p><strong><\/p>\n<h1>Envios y Devoluciones<\/h1>\n<p><\/strong><\/p>\n[\/vc_column_text][\/vc_column][\/vc_row][vc_row][vc_column][vc_column_text]\n<h3 style=\"text-align: center;\"><span style=\"color: #99cc00;\"><strong>HORARIOS DE ENV\u00cdO INDICANDO HORA EST\u00c1NDAR DEL ESTE (EST)<\/strong><\/span><\/h3>\n[\/vc_column_text][\/vc_column][\/vc_row][vc_row][vc_column width=\u00bb1\/2&#8243;][vc_single_image image=\u00bb4142&#8243; img_size=\u00bbmedium\u00bb add_caption=\u00bbyes\u00bb alignment=\u00bbcenter\u00bb][\/vc_column][vc_column width=\u00bb1\/2&#8243;][vc_single_image image=\u00bb4143&#8243; img_size=\u00bbmedium\u00bb add_caption=\u00bbyes\u00bb alignment=\u00bbcenter\u00bb][\/vc_column][\/vc_row][vc_row][vc_column width=\u00bb1\/2&#8243;][vc_single_image image=\u00bb4141&#8243; img_size=\u00bbmedium\u00bb alignment=\u00bbcenter\u00bb][\/vc_column][vc_column width=\u00bb1\/2&#8243;][vc_single_image image=\u00bb4171&#8243; img_size=\u00bbmedium\u00bb alignment=\u00bbcenter\u00bb][\/vc_column][\/vc_row][vc_row][vc_column width=\u00bb1\/2&#8243;][vc_single_image image=\u00bb174&#8243; img_size=\u00bbmedium\u00bb add_caption=\u00bbyes\u00bb alignment=\u00bbcenter\u00bb][\/vc_column][vc_column width=\u00bb1\/2&#8243;][vc_single_image image=\u00bb4153&#8243; img_size=\u00bbmedium\u00bb add_caption=\u00bbyes\u00bb alignment=\u00bbcenter\u00bb][\/vc_column][\/vc_row][vc_row][vc_column][vc_column_text]\n<hr \/>\n<h2 style=\"text-align: center;\">Calendario de env\u00edo:<\/h2>\n<div>\n<p class=\"PText\" style=\"text-align: center;\">(Todas las horas que se muestran a continuaci\u00f3n son hora est\u00e1ndar del este)<\/p>\n<h3>Env\u00edos Priority Overnight Delivery: AM<\/h3>\n<figure id=\"attachment_172\" aria-describedby=\"caption-attachment-172\" style=\"width: 268px\" class=\"wp-caption alignright\"><img loading=\"lazy\" decoding=\"async\" class=\"wp-image-172\" src=\"\/es\/wp-content\/uploads\/2020\/10\/ordenes-lunes-aviernes-1-2-300x165-1.jpg\" alt=\"\" width=\"268\" height=\"132\" \/><figcaption id=\"caption-attachment-172\" class=\"wp-caption-text\">Pedidos de lunes a jueves, se entregan al d\u00eda siguiente<\/figcaption><\/figure>\n<p style=\"font-size: 16px; color: #252f27;\">Los pedidos realizados antes de las 4 pm de lunes a jueves se entregar\u00e1n el siguiente d\u00eda h\u00e1bil antes de las 10:30 am en la mayor\u00eda de las \u00e1reas, algunas \u00e1reas rurales antes de las 12:00 pm o antes de las 3:00 pm. Si no est\u00e1 seguro, llame a FedEx  al 1-800-463-3339 e ind\u00edqueles su c\u00f3digo postal. Los pedidos NextDay realizados los viernes no se entregar\u00e1n hasta el lunes, a menos que se especifique para la entrega el s\u00e1bado, que incluye un cargo adicional de $ 10.00. Las entregas los s\u00e1bados no est\u00e1n disponibles en las zonas rurales.<\/p>\n<h3>Env\u00edos Overnight Delivery: PM<\/h3>\n<p style=\"font-size: 16px; color: #252f27;\">Los pedidos realizados antes de las 4 pm lunes a jueves se entregar\u00e1n el siguiente d\u00eda h\u00e1bil entre las 15:00 y las 21:00 horas. Los pedidos NextDay realizados los viernes no se entregar\u00e1n hasta el lunes despu\u00e9s de las 12 p. M., a menos que se especifique para la entrega el s\u00e1bado, que incluye un cargo adicional de $ 10.00.<\/p>\n<h3>Env\u00edos 2nd Day Delivery:<\/h3>\n<p style=\"font-size: 16px; color: #252f27;\">Los pedidos realizados antes de las 4 pm de lunes a jueves se entregar\u00e1n el segundo d\u00eda h\u00e1bil antes de las 6:30 pm. Los pedidos del segundo d\u00eda realizados los jueves no se entregar\u00e1n hasta el lunes. Los pedidos realizados el viernes antes de las 4 pm se entregar\u00e1n el martes antes de las 6:30 pm.<\/p>\n<h3>Env\u00edos Saturday Delivery:<\/h3>\n<p style=\"font-size: 16px; color: #252f27;\">Para recibir un paquete para entrega en s\u00e1bado, se debe especificar y hay un cargo de $ 34.95 por entrega en s\u00e1bado, una tarifa adicional de $ 10.00 al cargo de entrega prioritaria al d\u00eda siguiente.<\/p>\n<h3>Env\u00edos US POSTAL SERVICE \u2013 Priority Mail (2-7 d\u00edas h\u00e1biles) Solo en Estados Unidos<\/h3>\n<figure id=\"attachment_179\" aria-describedby=\"caption-attachment-179\" style=\"width: 216px\" class=\"wp-caption alignleft\"><img loading=\"lazy\" decoding=\"async\" class=\" wp-image-179\" src=\"\/wp-content\/uploads\/2019\/05\/usps-us-deliveries-300x157.jpg\" alt=\"\" width=\"216\" height=\"113\" srcset=\"https:\/\/www.macujo.com\/es\/wp-content\/uploads\/2019\/05\/usps-us-deliveries-300x157.jpg 300w, https:\/\/www.macujo.com\/es\/wp-content\/uploads\/2019\/05\/usps-us-deliveries.jpg 420w\" sizes=\"auto, (max-width: 216px) 100vw, 216px\" \/><figcaption id=\"caption-attachment-179\" class=\"wp-caption-text\">Los pedidos antes de las 4:00 p. M. Se entregar\u00e1n a la oficina de correos de Estados Unidos Al d\u00eda siguiente, excepto en los apartados de correos.<\/figcaption><\/figure>\n<p style=\"font-size: 16px; color: #252f27;\">Los pedidos realizados antes de las 4 pm los lunes: los jueves se entregar\u00e1n a la oficina de correos en Estados Unidos Al d\u00eda siguiente. Use esta opci\u00f3n solo si el paquete se est\u00e1 enviando a una  APO  o  Base Militar  o  si no tiene una direcci\u00f3n f\u00edsica  y debe entregarse en una CAJA DE CORREOS. Por favor, espere de 3 a 8 d\u00edas h\u00e1biles para la entrega. No enviamos Entrega al d\u00eda siguiente a una OFICINA DE CORREOS.<\/p>\n<p>Nota: Entre lunes y s\u00e1bados , los pedidos realizados antes de las 14:00 horas se enviar\u00e1n el mismo d\u00eda. Los pedidos realizados despu\u00e9s de las 14:00 horas se enviar\u00e1n al d\u00eda siguiente.<\/p><\/div>\n<p>&nbsp;<\/p>\n<h3>Env\u00edos International (2 a 14 d\u00edas h\u00e1biles depende de la aduana) \u2013 US POSTAL SERVICE<\/h3>\n<p style=\"font-size: 16px; color: #252f27;\"><img loading=\"lazy\" decoding=\"async\" class=\"alignnone wp-image-178\" src=\"\/wp-content\/uploads\/2019\/05\/usbs-global-deliveries-300x157.jpg\" alt=\"\" width=\"210\" height=\"110\" srcset=\"https:\/\/www.macujo.com\/es\/wp-content\/uploads\/2019\/05\/usbs-global-deliveries-300x157.jpg 300w, https:\/\/www.macujo.com\/es\/wp-content\/uploads\/2019\/05\/usbs-global-deliveries.jpg 420w\" sizes=\"auto, (max-width: 210px) 100vw, 210px\" \/>Los pedidos realizados antes de las 4 pm de Lunes a Jueves se entregar\u00e1n a la oficina de correos al d\u00eda siguiente para su env\u00edo. Utilice esta opci\u00f3n solo si el paquete se env\u00eda a una direcci\u00f3n internacional. Si elige otro m\u00e9todo de env\u00edo, haremos la correcci\u00f3n por usted y cargaremos la diferencia en su tarjeta de cr\u00e9dito. Por favor, espere de 2 a 14 d\u00edas h\u00e1biles para la entrega. Los tiempos de entrega dependen de la aduana.<\/p>\n<h3>Env\u00edos GRATIS (3-7 d\u00edas) con todas sus compras &#8211; USPS (solo en Estados Unidos)<\/h3>\n<p><img loading=\"lazy\" decoding=\"async\" class=\"alignnone size-medium wp-image-180\" src=\"\/es\/wp-content\/uploads\/2020\/10\/ENVIOS-GRATIS.png\" alt=\"\" width=\"300\" height=\"204\" \/><\/p>\n<p>&nbsp;<\/p>\n<h3>Pol\u00edtica de reembolso:<\/h3>\n<p>Una vez recibido su pedido, no podr\u00e1 devolverlo. Adem\u00e1s, si realiza un pedido y decide cancelarlo despu\u00e9s de que se haya enviado, seguir\u00e1 siendo responsable de los gastos de env\u00edo. Al comprar cualquier product en nuestro sitio, acepta las condiciones anteriores. En todos los pedidos rechazados, se le cobrar\u00e1 al cliente una tarifa de reposici\u00f3n del 15% m\u00e1s todos los cargos de flete adicionales si se solicita el reenv\u00edo.<\/p>\n[\/vc_column_text][\/vc_column][\/vc_row][vc_row][vc_column][vc_column_text][\/vc_column_text][\/vc_column][\/vc_row]\n<\/div>","protected":false},"excerpt":{"rendered":"[vc_row][vc_column][vc_column_text] Envios y Devoluciones [\/vc_column_text][\/vc_column][\/vc_row][vc_row][vc_column][vc_column_text] HORARIOS DE ENV\u00cdO INDICANDO HORA EST\u00c1NDAR DEL ESTE (EST) [\/vc_column_text][\/vc_column][\/vc_row][vc_row][vc_column width=\u00bb1\/2&#8243;][vc_single_image image=\u00bb4142&#8243; img_size=\u00bbmedium\u00bb add_caption=\u00bbyes\u00bb alignment=\u00bbcenter\u00bb][\/vc_column][vc_column width=\u00bb1\/2&#8243;][vc_single_image image=\u00bb4143&#8243; img_size=\u00bbmedium\u00bb add_caption=\u00bbyes\u00bb alignment=\u00bbcenter\u00bb][\/vc_column][\/vc_row][vc_row][vc_column width=\u00bb1\/2&#8243;][vc_single_image image=\u00bb4141&#8243; img_size=\u00bbmedium\u00bb alignment=\u00bbcenter\u00bb][\/vc_column][vc_column width=\u00bb1\/2&#8243;][vc_single_image image=\u00bb4171&#8243; img_size=\u00bbmedium\u00bb alignment=\u00bbcenter\u00bb][\/vc_column][\/vc_row][vc_row][vc_column width=\u00bb1\/2&#8243;][vc_single_image image=\u00bb174&#8243; img_size=\u00bbmedium\u00bb add_caption=\u00bbyes\u00bb alignment=\u00bbcenter\u00bb][\/vc_column][vc_column width=\u00bb1\/2&#8243;][vc_single_image image=\u00bb4153&#8243; img_size=\u00bbmedium\u00bb add_caption=\u00bbyes\u00bb alignment=\u00bbcenter\u00bb][\/vc_column][\/vc_row][vc_row][vc_column][vc_column_text] Calendario de env\u00edo: (Todas las horas que se muestran a continuaci\u00f3n son [&#8230;]\n","protected":false},"author":1,"featured_media":0,"parent":0,"menu_order":0,"comment_status":"closed","ping_status":"closed","template":"","meta":{"_acf_changed":false,"_lmt_disableupdate":"","_lmt_disable":"","footnotes":""},"yst_prominent_words":[85,925,934,924,933,935,937,923,926,927,938,928,919,920,936,922,918,939,941,929],"class_list":["post-237","page","type-page","status-publish","hentry"],"acf":[],"_links":{"self":[{"href":"https:\/\/www.macujo.com\/es\/wp-json\/wp\/v2\/pages\/237","targetHints":{"allow":["GET"]}}],"collection":[{"href":"https:\/\/www.macujo.com\/es\/wp-json\/wp\/v2\/pages"}],"about":[{"href":"https:\/\/www.macujo.com\/es\/wp-json\/wp\/v2\/types\/page"}],"author":[{"embeddable":true,"href":"https:\/\/www.macujo.com\/es\/wp-json\/wp\/v2\/users\/1"}],"replies":[{"embeddable":true,"href":"https:\/\/www.macujo.com\/es\/wp-json\/wp\/v2\/comments?post=237"}],"version-history":[{"count":0,"href":"https:\/\/www.macujo.com\/es\/wp-json\/wp\/v2\/pages\/237\/revisions"}],"wp:attachment":[{"href":"https:\/\/www.macujo.com\/es\/wp-json\/wp\/v2\/media?parent=237"}],"wp:term":[{"taxonomy":"yst_prominent_words","embeddable":true,"href":"https:\/\/www.macujo.com\/es\/wp-json\/wp\/v2\/yst_prominent_words?post=237"}],"curies":[{"name":"wp","href":"https:\/\/api.w.org\/{rel}","templated":true}]}}