{"id":1566,"date":"2019-11-15T11:36:29","date_gmt":"2019-11-15T16:36:29","guid":{"rendered":"https:\/\/www.macujo.com\/?page_id=1566"},"modified":"2021-03-02T11:17:55","modified_gmt":"2021-03-02T16:17:55","slug":"como-identificar-el-champu-autentico","status":"publish","type":"page","link":"https:\/\/www.macujo.com\/es\/como-identificar-el-champu-autentico\/","title":{"rendered":"C\u00f3mo identificar el champ\u00fa Nexxus aloe rid Original"},"content":{"rendered":"<div class=\"wpb-content-wrapper\">[vc_row][vc_column][vc_column_text]\n<h1>C\u00f3mo identificar el aut\u00e9ntico champ\u00fa Nexxus aloe rid de f\u00f3rmula Original<\/h1>\n[\/vc_column_text][\/vc_column][\/vc_row][vc_row][vc_column][vc_column_text]\n<p style=\"font-size:20px; color:#000000; text-align: justify;\">He creado esta p\u00e1gina para tratar de ayudar y explicar a todos los clientes que est\u00e1n muy confundidos acerca de el Champ\u00fa Nexxus Aloe Rid formula original y el Nexxus Aloe Rid Formula nueva.<br \/>\nTestclear y todos sus sitios web afiliados que venden Aloe Toxin Rid no usan Nexxus Aloe Rid formula original.<br \/>\nTestclear les est\u00e1 diciendo a todos que \u00e9l es el \u00fanico que tiene el Champ\u00fa Aloe Toxin Rid y lo obtienen de contenedores de gal\u00f3n.<\/p>\n<p style=\"font-size:20px; color:#000000; text-align: justify;\">Explicar\u00e9 a continuaci\u00f3n junto a cada imagen la version correcta o la versi\u00f3n incorrecta<\/p>\n[\/vc_column_text][\/vc_column][\/vc_row][vc_section css=\u00bb.vc_custom_1574435740158{background-color: #cecece !important;border-radius: 5px !important;}\u00bb][vc_row][vc_column width=\u00bb1\/2&#8243;][vc_single_image image=\u00bb492&#8243; img_size=\u00bbmedium\u00bb alignment=\u00bbcenter\u00bb onclick=\u00bbcustom_link\u00bb css_animation=\u00bbleft-to-right\u00bb link=\u00bb\/product\/nexxus-aloe-rid\/\u00bb][\/vc_column][vc_column width=\u00bb1\/2&#8243;][vc_column_text]\n<p style=\"color:#000000; font-size:16px; color:#000000; text-align: justify;\"><b>Esta es la f\u00f3rmula original que funcionar\u00e1 para el M\u00e9todo Mike&#8217;s Macujo<\/b><\/p>\n<p style=\"color:#000000; font-size:16px; text-align: justify; \">1)Envase de 150ML\/5 Fl.Oz<\/p>\n<p style=\"color:#000000; font-size:16px; text-align: justify; \">2) Uno de los ingredientes sera el Propylene Glycol si ve esto es correcto.<\/p>\n[\/vc_column_text][vc_row_inner][vc_column_inner][vc_btn title=\u00bbShop Now\u00bb style=\u00bbflat\u00bb color=\u00bbdanger\u00bb size=\u00bblg\u00bb align=\u00bbcenter\u00bb i_icon_fontawesome=\u00bbfas fa-cart-arrow-down\u00bb add_icon=\u00bbtrue\u00bb link=\u00bburl:%2Fproduct%2Fnexxus-aloe-rid%2F|||\u00bb][\/vc_column_inner][\/vc_row_inner][\/vc_column][\/vc_row][\/vc_section][vc_section css=\u00bb.vc_custom_1574435740158{margin-top: 30px !important; background-color: #cecece !important;border-radius: 5px !important;}\u00bb][vc_row css=\u00bb.vc_custom_1574435306114{margin-top: 50px !important;}\u00bb][vc_column width=\u00bb1\/2&#8243;][vc_single_image image=\u00bb4508&#8243; img_size=\u00bbmedium\u00bb alignment=\u00bbcenter\u00bb onclick=\u00bbimg_link_large\u00bb css_animation=\u00bbleft-to-right\u00bb][\/vc_column][vc_column width=\u00bb1\/2&#8243;][vc_column_text]\n<p style=\"color:#000000; font-size:16px; color:#000000; text-align: justify;\"><b>Esta es nuestra versi\u00f3n Macujo Aloe Rid, tambi\u00e9n funcionar\u00e1 con el m\u00e9todo Mike\u2019s Macujo, es la formulaci\u00f3n exacta<\/b><\/p>\n<p style=\"color:#000000; font-size:16px; color:#000000; text-align: justify;\">Igual al original, a mitad de precio e incluye garant\u00eda de devoluci\u00f3n de dinero<\/p>\n[\/vc_column_text][\/vc_column][\/vc_row][\/vc_section][vc_section css=\u00bb.vc_custom_1574436624328{margin-top: 30px !important;background-color: #cecece !important;border-radius: 5px !important;}\u00bb][vc_row][vc_column width=\u00bb1\/2&#8243;][vc_single_image image=\u00bb1737&#8243; img_size=\u00bbmedium\u00bb alignment=\u00bbcenter\u00bb onclick=\u00bbimg_link_large\u00bb css_animation=\u00bbleft-to-right\u00bb][vc_column_text]\n<div style=\"font-size:16px; color:#000000;\">\n<p><span style=\"font-size:20px;font-weight:bold;\">Champ\u00fa Toxin Aloe Rid de Testclear<\/span><br \/>\n1) Primera version se llama \u00abOld Style Aloe Rid Pumped from gallons\u00bb<br \/>\n2) Segunda version se llama \u00abOld Style Aloe Rid Pumped from gallons\u00bb<br \/>\n3) Tercera version ahora se llama \u00abAloe Toxin Rid pumped from gallons\u00bb<\/p>\n<\/div>\n[\/vc_column_text][\/vc_column][vc_column width=\u00bb1\/2&#8243;][vc_column_text]\n<div style=\"font-size:16px; color:#000000;\">\n<p><b>La Marca del Champ\u00fa Aloe Toxin Rid NO es autentica: \u00bfde d\u00f3nde se extrae?<\/b><\/p>\n<p>No soy el tipo de persona que se queja de una empresa, pero todos los d\u00edas recibimos llamadas de personas quej\u00e1ndose de Testclear. Por la raz\u00f3n que fallaron su prueba o por la falta de apoyo y conocimiento, No los conozco pero me siento mal por sus clientes que gastaron bastante dinero en algo que no les ayudar\u00eda.<\/p>\n<p>Ver\u00e1 muchos sitios web que dicen que Testclear es el \u00fanico lugar para obtener<br \/>\nla versi\u00f3n original del champ\u00fa por la raz\u00f3n que esos sitios son afiliados que cobran comisiones por cada venta.<br \/>\nTodos estos sitios venden un product que no es el autentico.<\/p>\n<p><!--research well before you put your future in some one\u2019s hands read reviews and look at better business bureau complaints at <a href=\"https:\/\/www.bbb.org\/us\/wa\/redmond\/profile\/drug-testing\/testclearcom-1296-41001716\/customer-reviews\">www.bbb.org<\/a><\/p>\n\n\n\n\n<p>--><\/p><\/div>\n[\/vc_column_text][\/vc_column][\/vc_row][\/vc_section][vc_section css=\u00bb.vc_custom_1574436282831{margin-top: 30px !important;background-color: #cecece !important;border-radius: 5px !important;}\u00bb][vc_row][vc_column width=\u00bb1\/2&#8243;][vc_single_image image=\u00bb1734&#8243; img_size=\u00bbmedium\u00bb alignment=\u00bbcenter\u00bb onclick=\u00bbimg_link_large\u00bb css_animation=\u00bbleft-to-right\u00bb][\/vc_column][vc_column width=\u00bb1\/2&#8243;][vc_column_text]\n<p style=\"font-size:16px; color:#000000;\"><b>Este Champu es de la F\u00f3rmula Nueva QUE NO FUNCIONAR\u00c1<\/b><br \/>\naqu\u00ed le mostramos como identificarlo<\/p>\n<p style=\"font-size:16px; color:#000000;\">1)Envase de 5.1 Fl.Oz<\/p>\n<p style=\"font-size:16px; color:#000000;\">2) Ignore  el c\u00f3digo de barras porque han usado el mismo c\u00f3digo de la version original<\/p>\n<p style=\"font-size:16px; color:#000000;\">3) Hay 5 ingredientes que se diferencian de los antiguos y los nuevos.<\/p>\n<p style=\"font-size:16px; color:#000000;\">4) Asegure que contenga el ingrediente \u00abPropylene Glycol\u00bb<\/p>\n[\/vc_column_text][\/vc_column][\/vc_row][\/vc_section][vc_section css=\u00bb.vc_custom_1574436374636{margin-top: 30px !important;background-color: #cecece !important;border-radius: 5px !important;}\u00bb][vc_row][vc_column width=\u00bb1\/2&#8243;][vc_single_image image=\u00bb1735&#8243; img_size=\u00bbmedium\u00bb alignment=\u00bbcenter\u00bb onclick=\u00bbimg_link_large\u00bb css_animation=\u00bbleft-to-right\u00bb][\/vc_column][vc_column width=\u00bb1\/2&#8243;][vc_column_text]\n<p style=\"font-size:16px; color:#000000;\"><b>No compre nada en este envasado que dice obtenerse de contenedores de gal\u00f3n<\/b><\/p>\n<p style=\"font-size:16px; color:#000000;\">No hay forma de probar de donde se extrae, y lo mas probable que solo es una estafa<\/p>\n[\/vc_column_text][\/vc_column][\/vc_row][\/vc_section][vc_section css=\u00bb.vc_custom_1574436487015{margin-top: 30px !important;background-color: #cecece !important;border-radius: 5px !important;}\u00bb][vc_row][vc_column width=\u00bb1\/2&#8243;][vc_single_image image=\u00bb1736&#8243; img_size=\u00bbmedium\u00bb alignment=\u00bbcenter\u00bb onclick=\u00bbimg_link_large\u00bb css_animation=\u00bbleft-to-right\u00bb][\/vc_column][vc_column width=\u00bb1\/2&#8243;][vc_column_text]\n<p style=\"font-size:16px; color:#000000;\"><b>No compre nada en este envasado que dice obtenerse de contenedores de gal\u00f3n<\/b><\/p>\n<p style=\"font-size:16px; color:#000000;\">No hay forma de probar de que esta hecho y le recomendamos que caiga en estas estafas<\/p>\n[\/vc_column_text][\/vc_column][\/vc_row][\/vc_section][vc_section css=\u00bb.vc_custom_1574436336520{margin-top: 30px !important;background-color: #cecece !important;border-radius: 5px !important;}\u00bb][vc_row][vc_column width=\u00bb1\/2&#8243;][vc_single_image image=\u00bb1746&#8243; img_size=\u00bbmedium\u00bb alignment=\u00bbcenter\u00bb onclick=\u00bbimg_link_large\u00bb css_animation=\u00bbleft-to-right\u00bb][\/vc_column][vc_column width=\u00bb1\/2&#8243;][vc_column_text]\n<p style=\"font-size:16px; color:#000000;\"><b>Esta version de Nexxus Aloe Rid Treatment es solamente un \u201ctratamiento\u201d y no funcionara con el Metodo Mike\u2019s Macujo<\/b><\/p>\n<p style=\"font-size:16px; color:#000000;\">La version \u201cTREATMENT\u201d no se necesita para el Metodo Mike\u2019s Macujo<\/p>\n[\/vc_column_text][\/vc_column][\/vc_row][\/vc_section][vc_section css=\u00bb.vc_custom_1574436677214{margin-top: 30px !important;background-color: #cecece !important;border-radius: 5px !important;}\u00bb][vc_row][vc_column width=\u00bb1\/2&#8243;][vc_single_image image=\u00bb1738&#8243; img_size=\u00bbmedium\u00bb alignment=\u00bbcenter\u00bb onclick=\u00bbimg_link_large\u00bb css_animation=\u00bbleft-to-right\u00bb][\/vc_column][vc_column width=\u00bb1\/2&#8243;][vc_column_text]\n<p style=\"font-size:16px; color:#000000;\"><b>Si el envase tiene \u201cAloe Rid\u201d escrito en letras verdes esta version no funcionara porque esta hecho con la nueva formula que no incluye los ingredientes necesarios<\/b><\/p>\n[\/vc_column_text][\/vc_column][\/vc_row][\/vc_section][vc_section css=\u00bb.vc_custom_1574436707341{margin-top: 30px !important;background-color: #cecece !important;border-radius: 5px !important;}\u00bb][vc_row][vc_column width=\u00bb1\/2&#8243;][vc_single_image image=\u00bb1739&#8243; img_size=\u00bbmedium\u00bb alignment=\u00bbcenter\u00bb onclick=\u00bbimg_link_large\u00bb css_animation=\u00bbleft-to-right\u00bb][\/vc_column][vc_column width=\u00bb1\/2&#8243;][vc_column_text]\n<p style=\"font-size:16px; color:#000000; margin-top:auto;\">\n<b>Esta version tampoco funcionara, mire los ingredientes<\/b><\/p>\n[\/vc_column_text][\/vc_column][\/vc_row][\/vc_section][vc_row css=\u00bb.vc_custom_1574437047565{margin-top: 30px !important;}\u00bb][vc_column][vc_separator color=\u00bbturquoise\u00bb border_width=\u00bb3&#8243;][\/vc_column][\/vc_row]\n<\/div>","protected":false},"excerpt":{"rendered":"[vc_row][vc_column][vc_column_text] C\u00f3mo identificar el aut\u00e9ntico champ\u00fa Nexxus aloe rid de f\u00f3rmula Original [\/vc_column_text][\/vc_column][\/vc_row][vc_row][vc_column][vc_column_text] He creado esta p\u00e1gina para tratar de ayudar y explicar a todos los clientes que est\u00e1n muy confundidos acerca de el Champ\u00fa Nexxus Aloe Rid formula original y el Nexxus Aloe Rid Formula nueva. Testclear y todos sus sitios web afiliados que [&#8230;]\n","protected":false},"author":1,"featured_media":0,"parent":0,"menu_order":0,"comment_status":"closed","ping_status":"closed","template":"","meta":{"_acf_changed":false,"_lmt_disableupdate":"","_lmt_disable":"","footnotes":""},"yst_prominent_words":[36,1065,1061,1064,383,366,1062,1009,1063,1052,33,1046,1047,388,382,390,1066,385,386,898],"class_list":["post-1566","page","type-page","status-publish","hentry"],"acf":[],"_links":{"self":[{"href":"https:\/\/www.macujo.com\/es\/wp-json\/wp\/v2\/pages\/1566","targetHints":{"allow":["GET"]}}],"collection":[{"href":"https:\/\/www.macujo.com\/es\/wp-json\/wp\/v2\/pages"}],"about":[{"href":"https:\/\/www.macujo.com\/es\/wp-json\/wp\/v2\/types\/page"}],"author":[{"embeddable":true,"href":"https:\/\/www.macujo.com\/es\/wp-json\/wp\/v2\/users\/1"}],"replies":[{"embeddable":true,"href":"https:\/\/www.macujo.com\/es\/wp-json\/wp\/v2\/comments?post=1566"}],"version-history":[{"count":0,"href":"https:\/\/www.macujo.com\/es\/wp-json\/wp\/v2\/pages\/1566\/revisions"}],"wp:attachment":[{"href":"https:\/\/www.macujo.com\/es\/wp-json\/wp\/v2\/media?parent=1566"}],"wp:term":[{"taxonomy":"yst_prominent_words","embeddable":true,"href":"https:\/\/www.macujo.com\/es\/wp-json\/wp\/v2\/yst_prominent_words?post=1566"}],"curies":[{"name":"wp","href":"https:\/\/api.w.org\/{rel}","templated":true}]}}