{"id":1482,"date":"2019-11-05T15:12:30","date_gmt":"2019-11-05T20:12:30","guid":{"rendered":"https:\/\/www.macujo.com\/?page_id=1482"},"modified":"2020-11-18T10:47:15","modified_gmt":"2020-11-18T15:47:15","slug":"washes","status":"publish","type":"page","link":"https:\/\/www.macujo.com\/es\/washes\/","title":{"rendered":"washes"},"content":{"rendered":"<div class=\"wpb-content-wrapper\">[vc_row][vc_column][vc_column_text]\r\n<p>\r\n<span style=\"color: #000000;\"><\/span><\/p>\r\n<p style=\"text-align: center; font-size: 18px;\"><span style=\"color: #000000;\"><strong>\u00a1POR FAVOR LEEA ANTES DE CONTINUAR!<\/strong><\/span><\/p>\r\n<p><span style=\"color: #000000;\"><\/span><\/p>\r\n<p style=\"font-size: 16px; color: #252f27;\">Si ha visto mis videos antes, o escuch\u00f3 sobre el M\u00c9TODO MIKES MACUJO para pasar una prueba de drogas en cabello. Soy el creador de METODO MIKE\u2019S MACUJO y nuestro m\u00e9todo est\u00e1 dise\u00f1ado para eliminar todas las drogas de tu cabello.<br \/>El Viejo M\u00c9TODO MACUJO Original solo fue creado para niveles bajos a moderados de THC.<br \/>Si tienes niveles altos de THC en tu cabello o cualquier otra droga en tu cabello, FALLAR\u00c1S con el antiguo M\u00e9todo Macujo.<br \/>Solo el METODO MIKE\u2019S MACUJO funcionar\u00e1 para limpiar todas las drogas de su cabello, incluidos ALCOHOL, NICOTINA, COCA\u00cdNA, METH, OPIODS y, por supuesto, niveles Altos de THC.<\/p>\r\n<p><span style=\"color: #000000;\"><\/span><\/p>\r\n<p style=\"font-size: 16px; color: #252f27;\">El METODO MIKE\u2019S MACUJO solo funcionar\u00e1 con el NEXXUS ALOE RID ORIGINAL y nuestra nueva version gen\u00e9rica NEXXUS ALOE RID que vendemos en eBay y que pronto se vender\u00e1 en nuestro sitio web. Si compr\u00f3 su Champu ALOE RID de cualquier otra fuente y no se parece al que vendemos en nuestro sitio,<br \/>Sera una version falsa y probablemente fracasar\u00e1 en su prueba.<\/p>\r\n<p><span style=\"color: #000000;\"><\/span><\/p>\r\n<p style=\"font-size: 16px; color: #252f27;\">El Champ\u00fa NEXXUS ALOE RID es la parte m\u00e1s importante de este proceso. No compre su Champ\u00fa NEXXUS ALOE RID en ning\u00fan lugar que afirme que se obtiene de contenedores grandes o de galones, esto es Falso.  Nosotros Compramos casi 8000 botellas antes de que se descontinuara la producci\u00f3n y nos quedan menos de 200 y es por eso que hicimos nuestra versi\u00f3n gen\u00e9rica que estar\u00e1 disponible pronto, que es 100% igual.<\/p>\r\n<p><span style=\"color: #000000;\"><\/span><\/p>\r\n<p style=\"font-size: 16px; color: #252f27;\"><strong>IMPORTANTE :<\/strong><\/p>\r\n<p><span style=\"color: #000000;\"><\/span><\/p>\r\n<p style=\"font-size: 16px; color: #252f27;\">Aqu\u00ed es donde nos diferenciamos de cualquier otra empresa en el Internet.<br \/>Me considero un experto en pasar pruebas de drogas en cabello. Y he adquirido mi experiencia a lo largo de los a\u00f1os ayudando a miles de personas a pasar su prueba de cabello y he aprendido qu\u00e9 funciona mejor para cada tipo de droga.<br \/>Finalmente invente el Metodo MIKE\u2019S MACUJO que ahora nos permite effectivamente pasar prueba de cabello para cualquier tipo de droga.<br \/>En el pasado solo era possible solo para niveles bajos de THC.<br \/>Por eso he dedicado tanto tiempo a crear el M\u00c9TODO MIKE\u2019S MACUJO, con miles de pruebas y experimentos. Puedo decir con orgullo que tenemos algo que funciona para todas las drogas<br \/>Ahora bien, aqu\u00ed es donde nuestra empresa es la mejor para ayudarte a pasar una prueba de drogas en cabello.<\/p>\r\n<p><span style=\"color: #000000;\">\u00a0<\/span><\/p>\r\n<p><span style=\"color: #000000;\"><\/span><\/p>\r\n<ul class=\"wp-block-list\" style=\"font-size: 16px; color: #252f27;\">\r\n<li><span style=\"color: #000000;\">Este sitio macujo.com est\u00e1 estrictamente dise\u00f1ado para ayudarle a pasar pruebas de drogas en cabello, y brindamos excelente ayuda y soporte.<\/span><\/li>\r\n<li><span style=\"color: #000000;\">Tenemos nuestro canal de YouTube en el cual podr\u00e1s inter actuar conmigo y otras personas en cuanto a tu situaci\u00f3n y las pruebas de cabello.<\/span><\/li>\r\n<li><span style=\"color: #000000;\">Tenemos un libro electr\u00f3nico gratuito (para uso m\u00f3vil) o una versi\u00f3n en PDF imprimible para descargar que responder\u00e1 a casi cualquier pregunta que pueda tener sobre las pruebas de cabello, que incluye todo tipo de consejos y trucos que son muy importantes para ayudarlo a passer su prueba.<\/span><\/li>\r\n<li><span style=\"color: #000000;\">Tambi\u00e9n tenemos nuestro formulario de consulta gratuita en la cual podras recibir recomendaciones especificas a tu caso para pasar tu prueba de droga en cabello.<\/span><\/li>\r\n<li><span style=\"color: #000000;\">Ahora acabamos de lanzar nuestra Calculadora de lavados en la cual contestaras algunas preguntas y te respondera con la cantidad de Lavados y recomendaciones que tendras que completer para tu caso especifico.<\/span><\/li>\r\n<\/ul>\r\n<p><span style=\"color: #000000;\"><\/span><\/p>\r\n<p style=\"font-size: 16px; color: #252f27;\">Ahora tenga en cuenta que para pasar una prueba de drogas en cabello, Cada cado es diferente ya sea el antiguo M\u00c9TODO MACUJO o el M\u00c9TODO MIKES MACUJO. por lo tanto, cuando compre su producto para pasar la prueba de drogas para el cabello, debe comprender cu\u00e1ntos lavados requeridos de su uso anterior de drogas. No hay persona ni empresa que tenga la respuesta correcta de cu\u00e1ntos lavados se necesitan para su situaci\u00f3n personal. Tal vez si pasa d\u00edas en Internet, puede encontrar a alguien con el uso y la situaci\u00f3n de drogas similares y hacer lo que esa persona ha hecho. Pero no hay garant\u00edas de que pasar\u00e1 o nadie para llamar o hacer una pregunta.<\/p>\r\n<p style=\"font-size: 16px; color: #252f27;\"><strong>CONCLUSI\u00d3N:<\/strong><\/p>\r\n<p style=\"font-size: 16px; color: #252f27;\">NO use nuestro Metodo MIKE\u2019S MACUJO con el champu inautentico Aloe Toxin Rid vendido por TESTCLEAR, no funcionar\u00e1 y no estamos seguros como esta formulado ese champ\u00fa, Si compr\u00f3 Aloe Toxin Rid llame a TESTCLEAR para obtener su apoyo, no podemos odrecer apoyo para ese champu inautentico porque no funciona con el M\u00e9todo Mikes Macujo y no es la f\u00f3rmula original de NEXXUS ALOE RID. . Tenga cuidado y \u00faselo a su propia discreci\u00f3n. No pasa un d\u00eda sin que clientes nos llamen  y se quejen de la falta de asistencia de TESTCLEAR y de los malos resultados.<\/p>\r\n<p style=\"font-size: 16px; color: #252f27;\">NUESTRA TASA DE \u00c9XITO ES DEL 98% Y MEJOR<br \/>NUNCA DEJAREMOS A UN CLIENTE INSATISFECHO y HAREMOS LO QUE SEA NECESARIO PARA QUE PASA LA PRUEBA PORQUE A ESTO NOS DEDICAMOS.<\/p>\r\n<p style=\"font-size: 16px; color: #252f27; text-align: center;\">GRACIAS<\/p>\r\n<p style=\"font-size: 16px; color: #252f27; text-align: center;\">CLICK ENTRAR PARA SABER CUANTOS LAVADOS NECESITA PARA SU CASO<\/p>\r\n<p><span style=\"color: #000000;\"><\/span><\/p>\r\n<p><a style=\"color: #000000;\" href=\"https:\/\/www.macujo.com\/es\/check-your-washes\/\"><img loading=\"lazy\" decoding=\"async\" class=\" wp-image-1487 aligncenter\" src=\"https:\/\/www.macujo.com\/es\/wp-content\/uploads\/2020\/11\/entrar.jpg\" alt=\"\" width=\"469\" height=\"72\" \/><\/a><\/p>\r\n<p><span style=\"color: #000000;\">\u00a0<\/span><\/p>\r\n<div style=\"border-bottom: solid;\"><\/div>\r\n[\/vc_column_text][\/vc_column][\/vc_row][vc_row][vc_column][vc_column_text]\r\n[\/vc_column_text][\/vc_column][\/vc_row]\r\n\r\n\r\n\r\n<\/div>","protected":false},"excerpt":{"rendered":"[vc_row][vc_column][vc_column_text] \u00a1POR FAVOR LEEA ANTES DE CONTINUAR! Si ha visto mis videos antes, o escuch\u00f3 sobre el M\u00c9TODO MIKES MACUJO para pasar una prueba de drogas en cabello. Soy el creador de METODO MIKE\u2019S MACUJO y nuestro m\u00e9todo est\u00e1 dise\u00f1ado para eliminar todas las drogas de tu cabello.El Viejo M\u00c9TODO MACUJO Original solo fue creado [&#8230;]\n","protected":false},"author":1,"featured_media":0,"parent":0,"menu_order":0,"comment_status":"closed","ping_status":"closed","template":"","meta":{"_acf_changed":false,"_lmt_disableupdate":"","_lmt_disable":"","footnotes":""},"yst_prominent_words":[36,366,1013,597,1011,1009,951,584,579,802,60,38,33,1012,1010,640,637,638,950,954],"class_list":["post-1482","page","type-page","status-publish","hentry"],"acf":[],"_links":{"self":[{"href":"https:\/\/www.macujo.com\/es\/wp-json\/wp\/v2\/pages\/1482","targetHints":{"allow":["GET"]}}],"collection":[{"href":"https:\/\/www.macujo.com\/es\/wp-json\/wp\/v2\/pages"}],"about":[{"href":"https:\/\/www.macujo.com\/es\/wp-json\/wp\/v2\/types\/page"}],"author":[{"embeddable":true,"href":"https:\/\/www.macujo.com\/es\/wp-json\/wp\/v2\/users\/1"}],"replies":[{"embeddable":true,"href":"https:\/\/www.macujo.com\/es\/wp-json\/wp\/v2\/comments?post=1482"}],"version-history":[{"count":0,"href":"https:\/\/www.macujo.com\/es\/wp-json\/wp\/v2\/pages\/1482\/revisions"}],"wp:attachment":[{"href":"https:\/\/www.macujo.com\/es\/wp-json\/wp\/v2\/media?parent=1482"}],"wp:term":[{"taxonomy":"yst_prominent_words","embeddable":true,"href":"https:\/\/www.macujo.com\/es\/wp-json\/wp\/v2\/yst_prominent_words?post=1482"}],"curies":[{"name":"wp","href":"https:\/\/api.w.org\/{rel}","templated":true}]}}