{"id":1399,"date":"2019-10-30T12:35:26","date_gmt":"2019-10-30T16:35:26","guid":{"rendered":"https:\/\/www.macujo.com\/?page_id=1399"},"modified":"2024-04-16T15:32:19","modified_gmt":"2024-04-16T19:32:19","slug":"check-your-washes","status":"publish","type":"page","link":"https:\/\/www.macujo.com\/es\/check-your-washes\/","title":{"rendered":"check your washes"},"content":{"rendered":"<p><img decoding=\"async\" class=\"aligncenter size-full wp-image-3880\" src=\"https:\/\/www.macujo.com\/es\/wp-content\/uploads\/2020\/09\/cuantos-lavados-calculador-de-lavados-para-pasar-prueba-de-droga.jpg\" alt=\"Mike's Macujo Method\" width=\"1050\" \/><\/p>\r\n<h1 style=\"text-align: center;\">Calculadora de lavados macujo method<\/h1>\r\n<h3>Llene este formulario para una calculacion aproximada de los lavados que se necesitar\u00e1n para limpiar su cabello. Si us\u00f3 varios medicamentos, ejecute el programa para cada droga por separado y siga el resultado que requiera m\u00e1s lavados ser\u00e1 suficiente para eliminar toas las drogas de su cabello.<\/h3>\r\n\r\n<p><style>.d-none { display: none } <\/style><\/p>\r\n<div id=\"washesFrmContainer\"><!--\r\n<div class=\"d-flex justify-content-center\" style=\"margin-top: 50px; margin-bottom: 50px;\"><img decoding=\"async\" class=\"prg\" src=\"\/detox\/step1.png\" width=\"250px\" height=\"60px\" \/><\/div>\r\n-->\r\n<div style=\"background-color: #242011; padding: 20px; border-radius: 5px;\"><form id=\"macujoFrm\" class=\"form-container\" action=\"detox_data.php\" method=\"post\" name=\"form1\">\r\n<div class=\"form-group\"><input id=\"user\" class=\"contH\" name=\"user\" required=\"\" type=\"text\" placeholder=\"Entre su Nombre\" \/><\/div>\r\n<div class=\"form-group\"><input id=\"email\" class=\"contH\" name=\"email\" required=\"\" type=\"email\" placeholder=\"Entre su e-mail\" \/>\r\n<p style=\"color: #fcff33;\">Ingrese su correo electr\u00f3nico correctamente. utilizaremos este correo electr\u00f3nico para enviar su \u00abInforme de instrucciones\u00bb<\/p>\r\n<\/div>\r\n<div class=\"form-group\"><!-- <label for=\"DrugSelect\">Please select the Drug<\/label> --><select id=\"substanceFrmInput\" class=\"contH\" name=\"SUBSTANCE\" required=\"\">\r\n<option value=\"\">&#8212;-Seleccione la droga que consumi\u00f3&#8212;-<\/option>\r\n<option value=\"MARIJUANA\">MARIJUANA &#8211; THC<\/option>\r\n<option value=\"BENZODIAZAPAM \/ Valium \/ XANAX\">BENZODIAZAPAM \/ Valium \/ XANAX<\/option>\r\n<option value=\"COCAINE \/ CRACK\">COCAINA \/ CRACK<\/option>\r\n<option value=\"METHAMPHETAMINES \/ AMPHETAMINES \/ ADDERALL\">METHAMPHETAMINES \/ AMPHETAMINES \/ ADDERALL<\/option>\r\n<option value=\"ECSTASY \/ MOLLY\">ECSTASY \/ MOLLY<\/option>\r\n<option value=\"OXYCODONE\">OXYCODONE<\/option>\r\n<option value=\"OPIATES\">OPI\u00c1CEOS<\/option>\r\n<option value=\"MORPHINE\">MORPHINE<\/option>\r\n<option value=\"METHADONE\">METHADONE<\/option>\r\n<option value=\"SUBOXONE\/ Buprenorphine \/ Naloxone\">SUBOXONE\/ Buprenorphine \/ Naloxone<\/option>\r\n<option value=\"PCP \/ Angel Dust\">PCP \/ Angel Dust<\/option>\r\n<option value=\"ALCOHOL\">ALCOHOL<\/option>\r\n<\/select><\/div>\r\n<div class=\"form-group\"><!-- <label for=\"LastdaySelect\">Please select when was the last day of use?<\/label> --><select id=\"lastUsedFrmSelect\" class=\"contH\" name=\"LASTUSED\" required=\"\">\r\n<option value=\"\">&#8212;-Seleccione el ultimo dia de consumo&#8212;-<\/option>\r\n<option value=\"THIS WEEK\">ESTA SEMANA<\/option>\r\n<option value=\"2 WEEKS AGO\">HACE 2 SEMANAS<\/option>\r\n<option value=\"1 MONTH AGO\">HACE 1 MES<\/option>\r\n<option value=\"2 MONTHS AGO\">HACE 2 MESES<\/option>\r\n<\/select><\/div>\r\n<div class=\"form-group\"><label for=\"exampleInputPassword1\"><\/label><select id=\"oftenUsedFrmSelect\" class=\"contH\" name=\"1-2days\" required=\"\">\r\n<option value=\"\">&#8212;&#8211;Seleccione cuantas veces consumi\u00f3 el los \u00faltimos 90 d\u00edas&#8212;&#8211;<\/option>\r\n<\/select><\/div>\r\n<\/form><\/div>\r\n<div style=\"margin-top: 20px;\"><input id=\"btnLogin\" class=\"btn btn-primary btn-lg btn-block\" name=\"btnLogin\" type=\"submit\" value=\"CONTINUAR\" \/> <input id=\"reset\" class=\"btn btn-warning btn-lg btn-block\" name=\"reset\" type=\"reset\" value=\"REESTABLECER\" \/><\/div>\r\n<\/div>\r\n<div id=\"resultContainer\" class=\"d-none\" style=\"border: solid; border-color: #BFBFC4; border-radius: 5px; box-shadow: 2px 2px 4px #BFBFC4;\"><!--\r\n<div class=\"d-flex justify-content-center\" style=\"margin-top: 50px; margin-bottom: 50px;\"><img decoding=\"async\" class=\"prg\" src=\"\/detox\/step2.png\" width=\"250px\" height=\"60px\" \/><\/div>\r\n-->\r\n<div class=\"view-container\">\r\n<div style=\"background-color: #429dfd; color: #fcf9f9; border-radius: 5px; margin: 30px; padding: 5px;\">\r\n<h2 class=\" topone\" style=\"color: #fcf3cf; text-align: center;\">POR FAVOR LEA CUIDADOSAMENTE!<\/h2>\r\n<h4 class=\"heading2\">To pass your hair drug test successfully &#8211; macujo.com<\/h4>\r\n<div style=\"text-align: center; margin-right: 5px; background-color: aliceblue; width: 50px; float: right; border-radius: 5px; box-shadow: 2px 2px 4px #000000;\">\u00a0<\/div>\r\n<\/div>\r\n<div class=\"content-group\" style=\"margin-left: 10px; margin-bottom: 20px;\">\r\n<div class=\"text-uppercase\">Sustancia \/ Drogas<\/div>\r\n<div class=\"text-uppercase\" style=\"font-weight: bold; color: darkred;\"><span id=\"substanceTxt\">\u00a0<\/span><\/div>\r\n<\/div>\r\n<!-- <div class=\"content-group\" style=\"margin-left:10px; margin-bottom:20px;\">\r\n<div class=\"text-uppercase\">\u00daltimo d\u00eda de consumo<\/div>\r\n<div class=\"text-uppercase\" style=\"font-weight: bold; color: darkred;\"><span id=\"lastusedTxt\">&nbsp;<\/span><\/div>\r\n<\/div>\r\n\r\n<div class=\"content-group\" style=\"margin-left:10px; margin-bottom:20px;\">\r\n<div class=\"text-uppercase\">Consumo durante los \u00faltimos 90 d\u00edas<\/div>\r\n<div class=\"text-uppercase\" style=\"font-weight: bold; color: darkred;\"><span id=\"oftenusedTxt\">&nbsp;<\/span><\/div>\r\n<\/div>  -->\r\n<div class=\"content-group2\">\r\n<div class=\"text-uppercase\" style=\"color: #fcf3cf; font-weight: bold; background-color: darkred; text-align: center; margin: 10px;\"><span id=\"washesTxt\">\u00a0&lt;\/span <\/span><\/div>\r\n<\/div>\r\n<div id=\"resultInfoContainer\" class=\"d-none\" style=\"border: thin; border-radius: 5px; background-color: darkred; border-color: #EC3911; margin: 20px; padding: 10px; box-shadow: 2px 2px 8px darkred; color: #fcf3cf;\">\r\n<div class=\"imp-head\">IMPORTANTE<\/div>\r\n<div class=\"imp\"><span id=\"infoTxt\">\u00a0<\/span><\/div>\r\n<\/div>\r\n<div class=\"d-flex justify-content-center\"><input id=\"resultContainerEmailBtn\" class=\"btn btn-primary btn-lg btn-block\" style=\"margin: 10px;\" type=\"submit\" value=\"ENVIEME ESTE REPORTE\" \/><\/div>\r\n<div class=\"d-flex justify-content-center\"><input id=\"resultContainerResetLink\" class=\"btn btn-primary btn-lg btn-block\" style=\"margin-left: 10px;\" type=\"submit\" value=\"REESTABLECER\" \/><\/div>\r\n<p style=\"margin-left: 10px;\">Si ha consumido varias sustancias y a\u00fan necesita comunicarse con nosotros, ll\u00e1menos para una consulta personalizada.<\/p>\r\n<\/div>\r\n<\/div>\r\n","protected":false},"excerpt":{"rendered":"<p>Calculadora de lavados macujo method Llene este formulario para una calculacion aproximada de los lavados que se necesitar\u00e1n para limpiar su cabello. Si us\u00f3 varios medicamentos, ejecute el programa para cada droga por separado y siga el resultado que requiera m\u00e1s lavados ser\u00e1 suficiente para eliminar toas las drogas de su cabello. Ingrese su correo [&#8230;]\n","protected":false},"author":1,"featured_media":0,"parent":0,"menu_order":0,"comment_status":"closed","ping_status":"closed","template":"","meta":{"_acf_changed":false,"_lmt_disableupdate":"no","_lmt_disable":"","footnotes":""},"yst_prominent_words":[597,726,867,869,621,865,870],"class_list":["post-1399","page","type-page","status-publish","hentry"],"acf":[],"_links":{"self":[{"href":"https:\/\/www.macujo.com\/es\/wp-json\/wp\/v2\/pages\/1399","targetHints":{"allow":["GET"]}}],"collection":[{"href":"https:\/\/www.macujo.com\/es\/wp-json\/wp\/v2\/pages"}],"about":[{"href":"https:\/\/www.macujo.com\/es\/wp-json\/wp\/v2\/types\/page"}],"author":[{"embeddable":true,"href":"https:\/\/www.macujo.com\/es\/wp-json\/wp\/v2\/users\/1"}],"replies":[{"embeddable":true,"href":"https:\/\/www.macujo.com\/es\/wp-json\/wp\/v2\/comments?post=1399"}],"version-history":[{"count":2,"href":"https:\/\/www.macujo.com\/es\/wp-json\/wp\/v2\/pages\/1399\/revisions"}],"predecessor-version":[{"id":4765,"href":"https:\/\/www.macujo.com\/es\/wp-json\/wp\/v2\/pages\/1399\/revisions\/4765"}],"wp:attachment":[{"href":"https:\/\/www.macujo.com\/es\/wp-json\/wp\/v2\/media?parent=1399"}],"wp:term":[{"taxonomy":"yst_prominent_words","embeddable":true,"href":"https:\/\/www.macujo.com\/es\/wp-json\/wp\/v2\/yst_prominent_words?post=1399"}],"curies":[{"name":"wp","href":"https:\/\/api.w.org\/{rel}","templated":true}]}}